{"id":2149,"date":"2016-02-02T18:39:46","date_gmt":"2016-02-02T17:39:46","guid":{"rendered":"http:\/\/poltec.ch\/wordpress\/?page_id=2149&#038;lang=de"},"modified":"2025-08-04T07:57:45","modified_gmt":"2025-08-04T06:57:45","slug":"poltec-de","status":"publish","type":"page","link":"https:\/\/www.poltec.ch\/de\/poltec-de\/","title":{"rendered":"Poltec"},"content":{"rendered":"<p>[vc_row][vc_column][vc_custom_heading source=&#8221;post_title&#8221; font_container=&#8221;tag:h1|text_align:center&#8221; use_theme_fonts=&#8221;yes&#8221;][\/vc_column][\/vc_row][vc_row][vc_column][vc_column_text]Das Unternehmen Poltec wurde von der Beobachtung eines wachsenden Bedarf an Institutionen gegen die Kriminalit\u00e4t zu bek\u00e4mpfen geboren.<\/p>\n<p>Tats\u00e4chlich Spuren von Forschung und spezielle in der Forensik die Untersuchungen erfordern ma\u00dfgeschneiderte Produkte zu den Arbeitsbedingungen zugeschnitten und weiterentwickelt . Gute Ausr\u00fcstung ist nach den Arten von Interventionen entworfen und entwickelt werden.<\/p>\n<p>In diesem Sinne, entwickeln wir seit einigen Jahren Produkte f\u00fcr Kriminalwissenschaften.<\/p>\n<p>Wir empfehlen Ihnen, unseren Online-Produktkatalog konsultieren, auf der Grundlage der Kategorien von Produkten Sie suchen, und wir stehen zu Ihrer Verf\u00fcgung f\u00fcr alle Informationen \u00fcber unsere Leistungen.<\/p>\n<p><span style=\"color: #ff0000;\"><strong>Aus Sicherheitsgr\u00fcnden werden chemische oder potenziell gef\u00e4hrliche Produkte nur den Polizeibeh\u00f6rden zur Verf\u00fcgung gestellt.<\/strong><\/span>[\/vc_column_text][\/vc_column][\/vc_row]<\/p>\n","protected":false},"excerpt":{"rendered":"<p>[vc_row][vc_column][vc_custom_heading source=&#8221;post_title&#8221; font_container=&#8221;tag:h1|text_align:center&#8221; use_theme_fonts=&#8221;yes&#8221;][\/vc_column][\/vc_row][vc_row][vc_column][vc_column_text]Das Unternehmen Poltec wurde von der Beobachtung eines wachsenden Bedarf an Institutionen gegen die Kriminalit\u00e4t zu bek\u00e4mpfen geboren. Tats\u00e4chlich Spuren von Forschung und spezielle in der Forensik die Untersuchungen erfordern ma\u00dfgeschneiderte Produkte zu den Arbeitsbedingungen zugeschnitten und weiterentwickelt . Gute Ausr\u00fcstung ist nach den Arten von Interventionen entworfen und entwickelt werden. In [&hellip;]<\/p>\n","protected":false},"author":1,"featured_media":0,"parent":0,"menu_order":0,"comment_status":"closed","ping_status":"closed","template":"templates\/template-page-no-sidebar.php","meta":{"footnotes":""},"class_list":["post-2149","page","type-page","status-publish","hentry"],"_links":{"self":[{"href":"https:\/\/www.poltec.ch\/de\/wp-json\/wp\/v2\/pages\/2149","targetHints":{"allow":["GET"]}}],"collection":[{"href":"https:\/\/www.poltec.ch\/de\/wp-json\/wp\/v2\/pages"}],"about":[{"href":"https:\/\/www.poltec.ch\/de\/wp-json\/wp\/v2\/types\/page"}],"author":[{"embeddable":true,"href":"https:\/\/www.poltec.ch\/de\/wp-json\/wp\/v2\/users\/1"}],"replies":[{"embeddable":true,"href":"https:\/\/www.poltec.ch\/de\/wp-json\/wp\/v2\/comments?post=2149"}],"version-history":[{"count":9,"href":"https:\/\/www.poltec.ch\/de\/wp-json\/wp\/v2\/pages\/2149\/revisions"}],"predecessor-version":[{"id":6315,"href":"https:\/\/www.poltec.ch\/de\/wp-json\/wp\/v2\/pages\/2149\/revisions\/6315"}],"wp:attachment":[{"href":"https:\/\/www.poltec.ch\/de\/wp-json\/wp\/v2\/media?parent=2149"}],"curies":[{"name":"wp","href":"https:\/\/api.w.org\/{rel}","templated":true}]}}