{"id":37,"date":"2016-02-02T16:04:27","date_gmt":"2016-02-02T15:04:27","guid":{"rendered":"http:\/\/poltec.ch\/wordpress\/?page_id=37&#038;lang=de"},"modified":"2018-04-26T09:09:27","modified_gmt":"2018-04-26T08:09:27","slug":"dekriminalistik","status":"publish","type":"page","link":"https:\/\/www.poltec.ch\/de\/dekriminalistik\/","title":{"rendered":"Kriminalistik"},"content":{"rendered":"<p>[vc_row][vc_column][vc_custom_heading source=&#8221;post_title&#8221; font_container=&#8221;tag:h1|text_align:center&#8221; use_theme_fonts=&#8221;yes&#8221;][\/vc_column][\/vc_row][vc_row][vc_column][vc_column_text]Forensics kann als allen Mitteln der Technik Polizei und Forensik ber\u00fccksichtigt werden. In diesem Zusammenhang erhebt Technische Font-Schutz, die Aufzeichnung der Tatort, suche nach Hinweisen Methoden, Fotografie, Fingerprinting, Anthropometrie, den Roboter Portr\u00e4t, Topographie, Pl\u00e4ne, Skizzen und Forensic Identification.<\/p>\n<p>Die forensische Beweise enth\u00e4lt indiciale, Justiz Ballistik, Analyse von Dokumenten und Aufzeichnungen, der Biologie und der forensischen Chemie, Toxikologie und forensischen Wissenschaft.<\/p>\n<p>Dies ist die Rechtm\u00e4ssigkeit und Unparteilichkeit der Nachweis erforderlich, dass Sie in zwei Teile Forensik &#8211; die technischen Polizei und Forensik.<\/p>\n<p>Ein Strafverfahren beginnt mit der Befragung zielte darauf ab, Leads oder Beweise zu finden und l\u00e4sst einen nahe den Besitz von Beweismitteln; um diese Aktionen durchf\u00fchren, ist das Unternehmen in der Lage Poltec, die richtigen Produkte, um den Ermittlern die sie zur Erf\u00fcllung ihrer Aufgabe.[\/vc_column_text][\/vc_column][\/vc_row]<\/p>\n","protected":false},"excerpt":{"rendered":"<p>[vc_row][vc_column][vc_custom_heading source=&#8221;post_title&#8221; font_container=&#8221;tag:h1|text_align:center&#8221; use_theme_fonts=&#8221;yes&#8221;][\/vc_column][\/vc_row][vc_row][vc_column][vc_column_text]Forensics kann als allen Mitteln der Technik Polizei und Forensik ber\u00fccksichtigt werden. In diesem Zusammenhang erhebt Technische Font-Schutz, die Aufzeichnung der Tatort, suche nach Hinweisen Methoden, Fotografie, Fingerprinting, Anthropometrie, den Roboter Portr\u00e4t, Topographie, Pl\u00e4ne, Skizzen und Forensic Identification. Die forensische Beweise enth\u00e4lt indiciale, Justiz Ballistik, Analyse von Dokumenten und Aufzeichnungen, der Biologie [&hellip;]<\/p>\n","protected":false},"author":1,"featured_media":0,"parent":0,"menu_order":5,"comment_status":"closed","ping_status":"closed","template":"templates\/template-page-no-sidebar.php","meta":{"footnotes":""},"class_list":["post-37","page","type-page","status-publish","hentry"],"_links":{"self":[{"href":"https:\/\/www.poltec.ch\/de\/wp-json\/wp\/v2\/pages\/37","targetHints":{"allow":["GET"]}}],"collection":[{"href":"https:\/\/www.poltec.ch\/de\/wp-json\/wp\/v2\/pages"}],"about":[{"href":"https:\/\/www.poltec.ch\/de\/wp-json\/wp\/v2\/types\/page"}],"author":[{"embeddable":true,"href":"https:\/\/www.poltec.ch\/de\/wp-json\/wp\/v2\/users\/1"}],"replies":[{"embeddable":true,"href":"https:\/\/www.poltec.ch\/de\/wp-json\/wp\/v2\/comments?post=37"}],"version-history":[{"count":4,"href":"https:\/\/www.poltec.ch\/de\/wp-json\/wp\/v2\/pages\/37\/revisions"}],"predecessor-version":[{"id":4615,"href":"https:\/\/www.poltec.ch\/de\/wp-json\/wp\/v2\/pages\/37\/revisions\/4615"}],"wp:attachment":[{"href":"https:\/\/www.poltec.ch\/de\/wp-json\/wp\/v2\/media?parent=37"}],"curies":[{"name":"wp","href":"https:\/\/api.w.org\/{rel}","templated":true}]}}