{"id":2221,"date":"2016-04-25T13:07:04","date_gmt":"2016-04-25T12:07:04","guid":{"rendered":"http:\/\/poltec.ch\/wordpress\/product\/1121-transparant-rohr-mit-deckel\/"},"modified":"2017-04-23T08:47:23","modified_gmt":"2017-04-23T07:47:23","slug":"1121-transparant-rohr-mit-deckel","status":"publish","type":"product","link":"https:\/\/www.poltec.ch\/de\/produit\/1121-transparant-rohr-mit-deckel\/","title":{"rendered":"1121 Transparantes Rohr mit Deckel"},"content":{"rendered":"<p>Transparantes Rohr mit Deckel, L\u00e4nge 90 mm x \u00d8 16mm, 25 St\u00fcck<\/p>\n","protected":false},"excerpt":{"rendered":"<p>Transparant Rohr mit Deckel, L\u00e4nge 90 mm x \u00d8 16mm, 25 St\u00fcck<\/p>\n","protected":false},"featured_media":3175,"comment_status":"closed","ping_status":"closed","template":"","meta":[],"product_brand":[],"product_cat":[102,232],"product_tag":[],"class_list":{"0":"post-2221","1":"product","2":"type-product","3":"status-publish","4":"has-post-thumbnail","6":"product_cat-behaeltnisse","7":"product_cat-laborbedarf","9":"first","10":"instock","11":"taxable","12":"shipping-taxable","13":"purchasable","14":"product-type-simple"},"_links":{"self":[{"href":"https:\/\/www.poltec.ch\/de\/wp-json\/wp\/v2\/product\/2221","targetHints":{"allow":["GET"]}}],"collection":[{"href":"https:\/\/www.poltec.ch\/de\/wp-json\/wp\/v2\/product"}],"about":[{"href":"https:\/\/www.poltec.ch\/de\/wp-json\/wp\/v2\/types\/product"}],"replies":[{"embeddable":true,"href":"https:\/\/www.poltec.ch\/de\/wp-json\/wp\/v2\/comments?post=2221"}],"wp:featuredmedia":[{"embeddable":true,"href":"https:\/\/www.poltec.ch\/de\/wp-json\/wp\/v2\/media\/3175"}],"wp:attachment":[{"href":"https:\/\/www.poltec.ch\/de\/wp-json\/wp\/v2\/media?parent=2221"}],"wp:term":[{"taxonomy":"product_brand","embeddable":true,"href":"https:\/\/www.poltec.ch\/de\/wp-json\/wp\/v2\/product_brand?post=2221"},{"taxonomy":"product_cat","embeddable":true,"href":"https:\/\/www.poltec.ch\/de\/wp-json\/wp\/v2\/product_cat?post=2221"},{"taxonomy":"product_tag","embeddable":true,"href":"https:\/\/www.poltec.ch\/de\/wp-json\/wp\/v2\/product_tag?post=2221"}],"curies":[{"name":"wp","href":"https:\/\/api.w.org\/{rel}","templated":true}]}}