{"id":2251,"date":"2016-04-25T15:14:30","date_gmt":"2016-04-25T14:14:30","guid":{"rendered":"http:\/\/poltec.ch\/wordpress\/product\/1440-leichenloeffel-aus-blech\/"},"modified":"2016-04-25T15:14:30","modified_gmt":"2016-04-25T14:14:30","slug":"1440-leichenloeffel-aus-blech","status":"publish","type":"product","link":"https:\/\/www.poltec.ch\/de\/produit\/1440-leichenloeffel-aus-blech\/","title":{"rendered":"1440 Leichenl\u00f6ffel aus Blech"},"content":{"rendered":"<p>Leichenl\u00f6ffel aus Blech zur Abnahme von Fingerabrdr\u00fccken<\/p>\n","protected":false},"excerpt":{"rendered":"<p>Leichenl\u00f6ffel aus Blech zur Abnahme von Fingerabrdr\u00fccken<\/p>\n","protected":false},"featured_media":3183,"comment_status":"closed","ping_status":"closed","template":"","meta":[],"product_brand":[],"product_cat":[225],"product_tag":[],"class_list":{"0":"post-2251","1":"product","2":"type-product","3":"status-publish","4":"has-post-thumbnail","6":"product_cat-post-mortem-de","8":"first","9":"instock","10":"taxable","11":"shipping-taxable","12":"purchasable","13":"product-type-simple"},"_links":{"self":[{"href":"https:\/\/www.poltec.ch\/de\/wp-json\/wp\/v2\/product\/2251","targetHints":{"allow":["GET"]}}],"collection":[{"href":"https:\/\/www.poltec.ch\/de\/wp-json\/wp\/v2\/product"}],"about":[{"href":"https:\/\/www.poltec.ch\/de\/wp-json\/wp\/v2\/types\/product"}],"replies":[{"embeddable":true,"href":"https:\/\/www.poltec.ch\/de\/wp-json\/wp\/v2\/comments?post=2251"}],"wp:featuredmedia":[{"embeddable":true,"href":"https:\/\/www.poltec.ch\/de\/wp-json\/wp\/v2\/media\/3183"}],"wp:attachment":[{"href":"https:\/\/www.poltec.ch\/de\/wp-json\/wp\/v2\/media?parent=2251"}],"wp:term":[{"taxonomy":"product_brand","embeddable":true,"href":"https:\/\/www.poltec.ch\/de\/wp-json\/wp\/v2\/product_brand?post=2251"},{"taxonomy":"product_cat","embeddable":true,"href":"https:\/\/www.poltec.ch\/de\/wp-json\/wp\/v2\/product_cat?post=2251"},{"taxonomy":"product_tag","embeddable":true,"href":"https:\/\/www.poltec.ch\/de\/wp-json\/wp\/v2\/product_tag?post=2251"}],"curies":[{"name":"wp","href":"https:\/\/api.w.org\/{rel}","templated":true}]}}