{"id":2257,"date":"2016-04-25T15:35:36","date_gmt":"2016-04-25T14:35:36","guid":{"rendered":"http:\/\/poltec.ch\/wordpress\/product\/1401-fingerabdruckdose-oe-38-mm\/"},"modified":"2016-04-25T15:35:36","modified_gmt":"2016-04-25T14:35:36","slug":"1401-fingerabdruckdose-oe-38-mm","status":"publish","type":"product","link":"https:\/\/www.poltec.ch\/de\/produit\/1401-fingerabdruckdose-oe-38-mm\/","title":{"rendered":"1401 Fingerabdruckdose \u00d8 38 mm"},"content":{"rendered":"<p>Fingerabdruckdose zur Abnahme von Fingerabdr\u00fccken, \u00d8 38 mm<\/p>\n","protected":false},"excerpt":{"rendered":"<p>Fingerabdruckdose zur Abnahme von Fingerabdr\u00fccken, \u00d8 38 mm<\/p>\n","protected":false},"featured_media":3087,"comment_status":"closed","ping_status":"closed","template":"","meta":[],"product_brand":[],"product_cat":[101,270],"product_tag":[],"class_list":{"0":"post-2257","1":"product","2":"type-product","3":"status-publish","4":"has-post-thumbnail","6":"product_cat-daktyloscopie","7":"product_cat-fingerabdruckkissen","9":"first","10":"instock","11":"taxable","12":"shipping-taxable","13":"purchasable","14":"product-type-simple"},"_links":{"self":[{"href":"https:\/\/www.poltec.ch\/de\/wp-json\/wp\/v2\/product\/2257","targetHints":{"allow":["GET"]}}],"collection":[{"href":"https:\/\/www.poltec.ch\/de\/wp-json\/wp\/v2\/product"}],"about":[{"href":"https:\/\/www.poltec.ch\/de\/wp-json\/wp\/v2\/types\/product"}],"replies":[{"embeddable":true,"href":"https:\/\/www.poltec.ch\/de\/wp-json\/wp\/v2\/comments?post=2257"}],"wp:featuredmedia":[{"embeddable":true,"href":"https:\/\/www.poltec.ch\/de\/wp-json\/wp\/v2\/media\/3087"}],"wp:attachment":[{"href":"https:\/\/www.poltec.ch\/de\/wp-json\/wp\/v2\/media?parent=2257"}],"wp:term":[{"taxonomy":"product_brand","embeddable":true,"href":"https:\/\/www.poltec.ch\/de\/wp-json\/wp\/v2\/product_brand?post=2257"},{"taxonomy":"product_cat","embeddable":true,"href":"https:\/\/www.poltec.ch\/de\/wp-json\/wp\/v2\/product_cat?post=2257"},{"taxonomy":"product_tag","embeddable":true,"href":"https:\/\/www.poltec.ch\/de\/wp-json\/wp\/v2\/product_tag?post=2257"}],"curies":[{"name":"wp","href":"https:\/\/api.w.org\/{rel}","templated":true}]}}