{"id":2467,"date":"2016-05-05T10:53:59","date_gmt":"2016-05-05T09:53:59","guid":{"rendered":"http:\/\/poltec.ch\/wordpress\/product\/1606-tex-magnetpinsel-tex\/"},"modified":"2016-08-08T10:12:58","modified_gmt":"2016-08-08T09:12:58","slug":"1606-tex-magnetpinsel-tex","status":"publish","type":"product","link":"https:\/\/www.poltec.ch\/de\/produit\/1606-tex-magnetpinsel-tex\/","title":{"rendered":"1606-TEX Magnetpinsel TEX"},"content":{"rendered":"<p>Magnetpinsel TEX, mit\u00a05 Reserveh\u00fcllen<\/p>\n<p>&nbsp;<\/p>\n<p>Enth\u00e4lt f\u00fcnf Einweg-Abdeckungen um den Stab vor einer Kreuzkontamination von Beweismitteln beim Gebrauch zu sch\u00fctzen<\/p>\n<p>Verwenden Sie eine andere Abdeckung an jedem Tatort, oder verwenden Sie eine f\u00fcr jede Pulver Farbe<\/p>\n<p>Wenn die Arbeit beendet ist, ziehen Sie einfach die Abdeckung vom Magnet um die Pulver Kugel freizugeben<\/p>\n","protected":false},"excerpt":{"rendered":"<p>Magnetpinsel TEX, mit\u00a05 Reserveh\u00fcllen &nbsp; Enth\u00e4lt f\u00fcnf Einweg-Abdeckungen um den Stab vor einer Kreuzkontamination von Beweismitteln beim Gebrauch zu sch\u00fctzen Verwenden Sie eine andere Abdeckung an jedem Tatort, oder verwenden Sie eine f\u00fcr jede Pulver Farbe Wenn die Arbeit beendet ist, ziehen Sie einfach die Abdeckung vom Magnet um die Pulver Kugel freizugeben<\/p>\n","protected":false},"featured_media":3637,"comment_status":"closed","ping_status":"closed","template":"","meta":[],"product_brand":[],"product_cat":[256,109],"product_tag":[],"class_list":{"0":"post-2467","1":"product","2":"type-product","3":"status-publish","4":"has-post-thumbnail","6":"product_cat-magnetpinsel","7":"product_cat-pinsel","9":"first","10":"instock","11":"taxable","12":"shipping-taxable","13":"purchasable","14":"product-type-simple"},"_links":{"self":[{"href":"https:\/\/www.poltec.ch\/de\/wp-json\/wp\/v2\/product\/2467","targetHints":{"allow":["GET"]}}],"collection":[{"href":"https:\/\/www.poltec.ch\/de\/wp-json\/wp\/v2\/product"}],"about":[{"href":"https:\/\/www.poltec.ch\/de\/wp-json\/wp\/v2\/types\/product"}],"replies":[{"embeddable":true,"href":"https:\/\/www.poltec.ch\/de\/wp-json\/wp\/v2\/comments?post=2467"}],"wp:featuredmedia":[{"embeddable":true,"href":"https:\/\/www.poltec.ch\/de\/wp-json\/wp\/v2\/media\/3637"}],"wp:attachment":[{"href":"https:\/\/www.poltec.ch\/de\/wp-json\/wp\/v2\/media?parent=2467"}],"wp:term":[{"taxonomy":"product_brand","embeddable":true,"href":"https:\/\/www.poltec.ch\/de\/wp-json\/wp\/v2\/product_brand?post=2467"},{"taxonomy":"product_cat","embeddable":true,"href":"https:\/\/www.poltec.ch\/de\/wp-json\/wp\/v2\/product_cat?post=2467"},{"taxonomy":"product_tag","embeddable":true,"href":"https:\/\/www.poltec.ch\/de\/wp-json\/wp\/v2\/product_tag?post=2467"}],"curies":[{"name":"wp","href":"https:\/\/api.w.org\/{rel}","templated":true}]}}