{"id":2854,"date":"2016-05-26T11:48:44","date_gmt":"2016-05-26T10:48:44","guid":{"rendered":"http:\/\/poltec.ch\/wordpress\/product\/3553-3m-501-filterdeckel-zum-klemmen-auf-aktivkohlefilter-1-paar\/"},"modified":"2016-05-26T11:48:44","modified_gmt":"2016-05-26T10:48:44","slug":"3553-3m-501-filterdeckel-zum-klemmen-auf-aktivkohlefilter-1-paar","status":"publish","type":"product","link":"https:\/\/www.poltec.ch\/de\/produit\/3553-3m-501-filterdeckel-zum-klemmen-auf-aktivkohlefilter-1-paar\/","title":{"rendered":"3553 3M 501 Filterdeckel zum Klemmen auf Aktivkohlefilter, 1 Paar"},"content":{"rendered":"<table>\n<tbody>\n<tr>\n<td>\n<p>3553 3M 501 Filterdeckel zum Klemmen auf Aktivkohlefilter, 1 Paar<\/p>\n<p>F\u00fcr Filter 5935, f\u00fcr die Kombination von Gas- mit Feinstaubfiltern<\/p>\n<p>Wird ben\u00f6tigt, um den Partikelfilter am Gas-\/Dampffilter zu befestigen<\/p>\n<\/td>\n<\/tr>\n<\/tbody>\n<\/table>\n","protected":false},"excerpt":{"rendered":"<p>3553 3M 501 Filterdeckel zum Klemmen auf Aktivkohlefilter, 1 Paar F\u00fcr Filter 5935, f\u00fcr die Kombination von Gas- mit Feinstaubfiltern Wird ben\u00f6tigt, um den Partikelfilter am Gas-\/Dampffilter zu befestigen<\/p>\n","protected":false},"featured_media":2838,"comment_status":"closed","ping_status":"closed","template":"","meta":[],"product_brand":[],"product_cat":[183,214],"product_tag":[],"class_list":{"0":"post-2854","1":"product","2":"type-product","3":"status-publish","4":"has-post-thumbnail","6":"product_cat-schutzbekleidung","7":"product_cat-schutz","9":"first","10":"instock","11":"taxable","12":"shipping-taxable","13":"purchasable","14":"product-type-simple"},"_links":{"self":[{"href":"https:\/\/www.poltec.ch\/de\/wp-json\/wp\/v2\/product\/2854","targetHints":{"allow":["GET"]}}],"collection":[{"href":"https:\/\/www.poltec.ch\/de\/wp-json\/wp\/v2\/product"}],"about":[{"href":"https:\/\/www.poltec.ch\/de\/wp-json\/wp\/v2\/types\/product"}],"replies":[{"embeddable":true,"href":"https:\/\/www.poltec.ch\/de\/wp-json\/wp\/v2\/comments?post=2854"}],"wp:featuredmedia":[{"embeddable":true,"href":"https:\/\/www.poltec.ch\/de\/wp-json\/wp\/v2\/media\/2838"}],"wp:attachment":[{"href":"https:\/\/www.poltec.ch\/de\/wp-json\/wp\/v2\/media?parent=2854"}],"wp:term":[{"taxonomy":"product_brand","embeddable":true,"href":"https:\/\/www.poltec.ch\/de\/wp-json\/wp\/v2\/product_brand?post=2854"},{"taxonomy":"product_cat","embeddable":true,"href":"https:\/\/www.poltec.ch\/de\/wp-json\/wp\/v2\/product_cat?post=2854"},{"taxonomy":"product_tag","embeddable":true,"href":"https:\/\/www.poltec.ch\/de\/wp-json\/wp\/v2\/product_tag?post=2854"}],"curies":[{"name":"wp","href":"https:\/\/api.w.org\/{rel}","templated":true}]}}