{"id":3519,"date":"2016-08-02T16:51:37","date_gmt":"2016-08-02T15:51:37","guid":{"rendered":"http:\/\/poltec.ch\/wordpress\/product\/1833-snowprint-wax-fixiermittel-fuer-schuheindruecke-im-schnee-spray-250-ml\/"},"modified":"2016-08-02T16:51:37","modified_gmt":"2016-08-02T15:51:37","slug":"1833-snowprint-wax-fixiermittel-fuer-schuheindruecke-im-schnee-spray-250-ml","status":"publish","type":"product","link":"https:\/\/www.poltec.ch\/de\/produit\/1833-snowprint-wax-fixiermittel-fuer-schuheindruecke-im-schnee-spray-250-ml\/","title":{"rendered":"1833 SNOWPRINT WAX, Fixiermittel f\u00fcr Schuheindr\u00fccke im Schnee, Spray 250 ml"},"content":{"rendered":"<p>SNOWPRINT WAX, Fixiermittel f\u00fcr Schuheindr\u00fccke im Schnee, Spray 250 ml<\/p>\n<p>Da die meisten Formmassen h\u00e4rten, erzeugen sie eine exotherme Reaktion, die Detailverlust von Schuhspuren oder Reifen wegen der Hitze verursachen k\u00f6nnen. SnowPrint Wax &#8220;beh\u00e4lt&#8221; die Details f\u00fcr den Druck und wirkt als Isolator, verhindert das Schmelzen vom Schnee und verdunkelt wichtige Details. Nach dieser Operation wird der Gips gegossen.<\/p>\n","protected":false},"excerpt":{"rendered":"<p>SNOWPRINT WAX, Fixiermittel f\u00fcr Schuheindr\u00fccke im Schnee, Spray 250 ml Da die meisten Formmassen h\u00e4rten, erzeugen sie eine exotherme Reaktion, die Detailverlust von Schuhspuren oder Reifen wegen der Hitze verursachen k\u00f6nnen. SnowPrint Wax &#8220;beh\u00e4lt&#8221; die Details f\u00fcr den Druck und wirkt als Isolator, verhindert das Schmelzen vom Schnee und verdunkelt wichtige Details. Nach dieser Operation [&hellip;]<\/p>\n","protected":false},"featured_media":3550,"comment_status":"closed","ping_status":"closed","template":"","meta":[],"product_brand":[],"product_cat":[107,219],"product_tag":[],"class_list":{"0":"post-3519","1":"product","2":"type-product","3":"status-publish","4":"has-post-thumbnail","6":"product_cat-abformen","7":"product_cat-schuhspuren","9":"first","10":"instock","11":"taxable","12":"shipping-taxable","13":"purchasable","14":"product-type-simple"},"_links":{"self":[{"href":"https:\/\/www.poltec.ch\/de\/wp-json\/wp\/v2\/product\/3519","targetHints":{"allow":["GET"]}}],"collection":[{"href":"https:\/\/www.poltec.ch\/de\/wp-json\/wp\/v2\/product"}],"about":[{"href":"https:\/\/www.poltec.ch\/de\/wp-json\/wp\/v2\/types\/product"}],"replies":[{"embeddable":true,"href":"https:\/\/www.poltec.ch\/de\/wp-json\/wp\/v2\/comments?post=3519"}],"wp:featuredmedia":[{"embeddable":true,"href":"https:\/\/www.poltec.ch\/de\/wp-json\/wp\/v2\/media\/3550"}],"wp:attachment":[{"href":"https:\/\/www.poltec.ch\/de\/wp-json\/wp\/v2\/media?parent=3519"}],"wp:term":[{"taxonomy":"product_brand","embeddable":true,"href":"https:\/\/www.poltec.ch\/de\/wp-json\/wp\/v2\/product_brand?post=3519"},{"taxonomy":"product_cat","embeddable":true,"href":"https:\/\/www.poltec.ch\/de\/wp-json\/wp\/v2\/product_cat?post=3519"},{"taxonomy":"product_tag","embeddable":true,"href":"https:\/\/www.poltec.ch\/de\/wp-json\/wp\/v2\/product_tag?post=3519"}],"curies":[{"name":"wp","href":"https:\/\/api.w.org\/{rel}","templated":true}]}}