{"id":3631,"date":"2016-08-08T15:29:02","date_gmt":"2016-08-08T14:29:02","guid":{"rendered":"http:\/\/poltec.ch\/wordpress\/product\/1163-einschlaglupe-bikonvex-35-x-vergroesserung-oe-45-mm-schwarz\/"},"modified":"2016-08-08T15:31:45","modified_gmt":"2016-08-08T14:31:45","slug":"1163-einschlaglupe-bikonvex-35-x-vergroesserung-oe-45-mm-schwarz","status":"publish","type":"product","link":"https:\/\/www.poltec.ch\/de\/produit\/1163-einschlaglupe-bikonvex-35-x-vergroesserung-oe-45-mm-schwarz\/","title":{"rendered":"1163 Einschlaglupe bikonvex, 3,5 x Vergr\u00f6sserung, \u00d8 45 mm, schwarz"},"content":{"rendered":"<p>Einschlaglupe bikonvex, 3,5 x Vergr\u00f6sserung, \u00d8 45 mm<\/p>\n","protected":false},"excerpt":{"rendered":"<p>Einschlaglupe bikonvex, 3,5 x Vergr\u00f6sserung, \u00d8 45 mm, schwarz<\/p>\n","protected":false},"featured_media":3564,"comment_status":"closed","ping_status":"closed","template":"","meta":[],"product_brand":[],"product_cat":[105],"product_tag":[],"class_list":{"0":"post-3631","1":"product","2":"type-product","3":"status-publish","4":"has-post-thumbnail","6":"product_cat-lupen","8":"first","9":"instock","10":"taxable","11":"shipping-taxable","12":"purchasable","13":"product-type-simple"},"_links":{"self":[{"href":"https:\/\/www.poltec.ch\/de\/wp-json\/wp\/v2\/product\/3631","targetHints":{"allow":["GET"]}}],"collection":[{"href":"https:\/\/www.poltec.ch\/de\/wp-json\/wp\/v2\/product"}],"about":[{"href":"https:\/\/www.poltec.ch\/de\/wp-json\/wp\/v2\/types\/product"}],"replies":[{"embeddable":true,"href":"https:\/\/www.poltec.ch\/de\/wp-json\/wp\/v2\/comments?post=3631"}],"wp:featuredmedia":[{"embeddable":true,"href":"https:\/\/www.poltec.ch\/de\/wp-json\/wp\/v2\/media\/3564"}],"wp:attachment":[{"href":"https:\/\/www.poltec.ch\/de\/wp-json\/wp\/v2\/media?parent=3631"}],"wp:term":[{"taxonomy":"product_brand","embeddable":true,"href":"https:\/\/www.poltec.ch\/de\/wp-json\/wp\/v2\/product_brand?post=3631"},{"taxonomy":"product_cat","embeddable":true,"href":"https:\/\/www.poltec.ch\/de\/wp-json\/wp\/v2\/product_cat?post=3631"},{"taxonomy":"product_tag","embeddable":true,"href":"https:\/\/www.poltec.ch\/de\/wp-json\/wp\/v2\/product_tag?post=3631"}],"curies":[{"name":"wp","href":"https:\/\/api.w.org\/{rel}","templated":true}]}}