{"id":3633,"date":"2016-08-08T15:37:07","date_gmt":"2016-08-08T14:37:07","guid":{"rendered":"http:\/\/poltec.ch\/wordpress\/product\/1316-mischspachtel-aus-kunststoff-laenge-195-cm-weiss\/"},"modified":"2016-08-08T15:43:24","modified_gmt":"2016-08-08T14:43:24","slug":"1316-mischspachtel-aus-kunststoff-laenge-195-cm-weiss","status":"publish","type":"product","link":"https:\/\/www.poltec.ch\/de\/produit\/1316-mischspachtel-aus-kunststoff-laenge-195-cm-weiss\/","title":{"rendered":"1316 Mischspachtel aus Kunststoff, L\u00e4nge 19,5 cm"},"content":{"rendered":"<p>Mischspachtel aus Kunststoff, L\u00e4nge 19,5 cm, wei\u00df<\/p>\n","protected":false},"excerpt":{"rendered":"<p>Mischspachtel aus Kunststoff, L\u00e4nge 19,5 cm, wei\u00df<\/p>\n","protected":false},"featured_media":3562,"comment_status":"closed","ping_status":"closed","template":"","meta":[],"product_brand":[],"product_cat":[107,232],"product_tag":[],"class_list":{"0":"post-3633","1":"product","2":"type-product","3":"status-publish","4":"has-post-thumbnail","6":"product_cat-abformen","7":"product_cat-laborbedarf","9":"first","10":"instock","11":"taxable","12":"shipping-taxable","13":"purchasable","14":"product-type-simple"},"_links":{"self":[{"href":"https:\/\/www.poltec.ch\/de\/wp-json\/wp\/v2\/product\/3633","targetHints":{"allow":["GET"]}}],"collection":[{"href":"https:\/\/www.poltec.ch\/de\/wp-json\/wp\/v2\/product"}],"about":[{"href":"https:\/\/www.poltec.ch\/de\/wp-json\/wp\/v2\/types\/product"}],"replies":[{"embeddable":true,"href":"https:\/\/www.poltec.ch\/de\/wp-json\/wp\/v2\/comments?post=3633"}],"wp:featuredmedia":[{"embeddable":true,"href":"https:\/\/www.poltec.ch\/de\/wp-json\/wp\/v2\/media\/3562"}],"wp:attachment":[{"href":"https:\/\/www.poltec.ch\/de\/wp-json\/wp\/v2\/media?parent=3633"}],"wp:term":[{"taxonomy":"product_brand","embeddable":true,"href":"https:\/\/www.poltec.ch\/de\/wp-json\/wp\/v2\/product_brand?post=3633"},{"taxonomy":"product_cat","embeddable":true,"href":"https:\/\/www.poltec.ch\/de\/wp-json\/wp\/v2\/product_cat?post=3633"},{"taxonomy":"product_tag","embeddable":true,"href":"https:\/\/www.poltec.ch\/de\/wp-json\/wp\/v2\/product_tag?post=3633"}],"curies":[{"name":"wp","href":"https:\/\/api.w.org\/{rel}","templated":true}]}}