{"id":3778,"date":"2016-09-13T14:46:40","date_gmt":"2016-09-13T13:46:40","guid":{"rendered":"http:\/\/poltec.ch\/wordpress\/product\/1822-fingerprint-optimizer-ez-scan-45-ml\/"},"modified":"2016-09-13T14:49:52","modified_gmt":"2016-09-13T13:49:52","slug":"1822-fingerprint-optimizer-ez-scan-45-ml","status":"publish","type":"product","link":"https:\/\/www.poltec.ch\/de\/produit\/1822-fingerprint-optimizer-ez-scan-45-ml\/","title":{"rendered":"1822 Fingerprint Optimizer EZ SCAN, 45 ml"},"content":{"rendered":"<p>Fingerprint Optimizer EZ SCAN, 45 ml<\/p>\n<p>Aufgrund der Aktivit\u00e4ten, Beruf oder Alter von einigen Menschen, Mangel an Feuchtigkeit der Haut, ihre besch\u00e4digten und abgenutzten Papillarlinien, kann es Schwierigkeiten geben, lesbare Fingerabdr\u00fccke zu erhalten. EZ Scan Ridge Enhancer wurde entwickelt um die Papillarlinien zu verbessern, mit einer neuen Rehydrierung Formel. Einmal auf den Fingern mit dem integrierten Schaum Applikator aufgetragen, rehydratisiert EZ die Haut und erh\u00f6ht die Verbesserung der Papillarlinien.<br \/>\nEZ Funktioniert mit Methoden der digitalen Fingerabdr\u00fccke sowie auf Leichen.<\/p>\n<p>&nbsp;<br \/>\nEZ Scan Ridge Enhancer ist <strong>ungiftig und nicht brennbar<\/strong><\/p>\n","protected":false},"excerpt":{"rendered":"<p>Fingerprint Optimizer EZ SCAN, 45 ml Aufgrund der Aktivit\u00e4ten, Beruf oder Alter von einigen Menschen, Mangel an Feuchtigkeit der Haut, ihre besch\u00e4digten und abgenutzten Papillarlinien, kann es Schwierigkeiten geben, lesbare Fingerabdr\u00fccke zu erhalten. EZ Scan Ridge Enhancer wurde entwickelt um die Papillarlinien zu verbessern, mit einer neuen Rehydrierung Formel. Einmal auf den Fingern mit dem [&hellip;]<\/p>\n","protected":false},"featured_media":3751,"comment_status":"closed","ping_status":"closed","template":"","meta":[],"product_brand":[],"product_cat":[101,274],"product_tag":[],"class_list":{"0":"post-3778","1":"product","2":"type-product","3":"status-publish","4":"has-post-thumbnail","6":"product_cat-daktyloscopie","7":"product_cat-fingerabdrueckekorrektor","9":"first","10":"instock","11":"taxable","12":"shipping-taxable","13":"purchasable","14":"product-type-simple"},"_links":{"self":[{"href":"https:\/\/www.poltec.ch\/de\/wp-json\/wp\/v2\/product\/3778","targetHints":{"allow":["GET"]}}],"collection":[{"href":"https:\/\/www.poltec.ch\/de\/wp-json\/wp\/v2\/product"}],"about":[{"href":"https:\/\/www.poltec.ch\/de\/wp-json\/wp\/v2\/types\/product"}],"replies":[{"embeddable":true,"href":"https:\/\/www.poltec.ch\/de\/wp-json\/wp\/v2\/comments?post=3778"}],"wp:featuredmedia":[{"embeddable":true,"href":"https:\/\/www.poltec.ch\/de\/wp-json\/wp\/v2\/media\/3751"}],"wp:attachment":[{"href":"https:\/\/www.poltec.ch\/de\/wp-json\/wp\/v2\/media?parent=3778"}],"wp:term":[{"taxonomy":"product_brand","embeddable":true,"href":"https:\/\/www.poltec.ch\/de\/wp-json\/wp\/v2\/product_brand?post=3778"},{"taxonomy":"product_cat","embeddable":true,"href":"https:\/\/www.poltec.ch\/de\/wp-json\/wp\/v2\/product_cat?post=3778"},{"taxonomy":"product_tag","embeddable":true,"href":"https:\/\/www.poltec.ch\/de\/wp-json\/wp\/v2\/product_tag?post=3778"}],"curies":[{"name":"wp","href":"https:\/\/api.w.org\/{rel}","templated":true}]}}