{"id":3873,"date":"2016-09-20T14:26:05","date_gmt":"2016-09-20T13:26:05","guid":{"rendered":"http:\/\/poltec.ch\/wordpress\/produkt\/1000-einsatzkoffer-auf-mass-in-aluminium-45-x-33-x-12-cm-copie\/?lang=de"},"modified":"2017-04-23T10:12:15","modified_gmt":"2017-04-23T09:12:15","slug":"1001-einsatzkoffer-auf-mass-in-abs-kunststoff","status":"publish","type":"product","link":"https:\/\/www.poltec.ch\/de\/produit\/1001-einsatzkoffer-auf-mass-in-abs-kunststoff\/","title":{"rendered":"1001 Einsatzkoffer auf Mass in ABS-Kunststoff, 47 x 37 x 19,5 cm"},"content":{"rendered":"<p>Einsatzkoffer auf Mass in ABS-Kunststoff, 47 x 37 x 19,5 cm<\/p>\n<p>Ausstattung nach Vereinbarung<\/p>\n<p>Schaumstoff : blau<\/p>\n<p>Koffer Farbe : schwarz oder gelb<\/p>\n<p>Weitere Gr\u00f6ssen sind verf\u00fcgbar<\/p>\n<p>Auch leere Koffer erh\u00e4ltlich<\/p>\n<p><strong>PREIS AUF ANFRAGE<\/strong><\/p>\n","protected":false},"excerpt":{"rendered":"<p>Einsatzkoffer auf Mass in ABS-Kunststoff, 47 x 37 x 19,5 cm Ausstattung nach Vereinbarung Schaumstoff : blau Koffer Farbe : schwarz oder gelb Weitere Gr\u00f6ssen sind verf\u00fcgbar Auch leere Koffer erh\u00e4ltlich PREIS AUF ANFRAGE<\/p>\n","protected":false},"featured_media":3879,"comment_status":"closed","ping_status":"closed","template":"","meta":[],"product_brand":[],"product_cat":[110],"product_tag":[],"class_list":{"0":"post-3873","1":"product","2":"type-product","3":"status-publish","4":"has-post-thumbnail","6":"product_cat-einsatzkoffer","8":"first","9":"instock","10":"taxable","11":"shipping-taxable","12":"product-type-simple"},"_links":{"self":[{"href":"https:\/\/www.poltec.ch\/de\/wp-json\/wp\/v2\/product\/3873","targetHints":{"allow":["GET"]}}],"collection":[{"href":"https:\/\/www.poltec.ch\/de\/wp-json\/wp\/v2\/product"}],"about":[{"href":"https:\/\/www.poltec.ch\/de\/wp-json\/wp\/v2\/types\/product"}],"replies":[{"embeddable":true,"href":"https:\/\/www.poltec.ch\/de\/wp-json\/wp\/v2\/comments?post=3873"}],"wp:featuredmedia":[{"embeddable":true,"href":"https:\/\/www.poltec.ch\/de\/wp-json\/wp\/v2\/media\/3879"}],"wp:attachment":[{"href":"https:\/\/www.poltec.ch\/de\/wp-json\/wp\/v2\/media?parent=3873"}],"wp:term":[{"taxonomy":"product_brand","embeddable":true,"href":"https:\/\/www.poltec.ch\/de\/wp-json\/wp\/v2\/product_brand?post=3873"},{"taxonomy":"product_cat","embeddable":true,"href":"https:\/\/www.poltec.ch\/de\/wp-json\/wp\/v2\/product_cat?post=3873"},{"taxonomy":"product_tag","embeddable":true,"href":"https:\/\/www.poltec.ch\/de\/wp-json\/wp\/v2\/product_tag?post=3873"}],"curies":[{"name":"wp","href":"https:\/\/api.w.org\/{rel}","templated":true}]}}