{"id":3924,"date":"2016-09-27T08:35:04","date_gmt":"2016-09-27T07:35:04","guid":{"rendered":"http:\/\/poltec.ch\/wordpress\/product\/1122-behaelter-mit-deckel-hoehe-100-mm-x-oe-50-mm-180-ml\/"},"modified":"2016-09-27T08:35:04","modified_gmt":"2016-09-27T07:35:04","slug":"1122-behaelter-mit-deckel-hoehe-100-mm-x-oe-50-mm-180-ml","status":"publish","type":"product","link":"https:\/\/www.poltec.ch\/de\/produit\/1122-behaelter-mit-deckel-hoehe-100-mm-x-oe-50-mm-180-ml\/","title":{"rendered":"1122 Beh\u00e4lter mit Deckel, H\u00f6he 100 mm x \u00d8 50 mm, 180 ml"},"content":{"rendered":"<p>Beh\u00e4lter mit Deckel, H\u00f6he 100 mm x \u00d8 50 mm, 180 ml<\/p>\n","protected":false},"excerpt":{"rendered":"<p>Beh\u00e4lter mit Deckel, H\u00f6he 100 mm x \u00d8 50 mm, 180 ml<\/p>\n","protected":false},"featured_media":3912,"comment_status":"closed","ping_status":"closed","template":"","meta":[],"product_brand":[],"product_cat":[102,232],"product_tag":[],"class_list":{"0":"post-3924","1":"product","2":"type-product","3":"status-publish","4":"has-post-thumbnail","6":"product_cat-behaeltnisse","7":"product_cat-laborbedarf","9":"first","10":"instock","11":"taxable","12":"shipping-taxable","13":"purchasable","14":"product-type-simple"},"_links":{"self":[{"href":"https:\/\/www.poltec.ch\/de\/wp-json\/wp\/v2\/product\/3924","targetHints":{"allow":["GET"]}}],"collection":[{"href":"https:\/\/www.poltec.ch\/de\/wp-json\/wp\/v2\/product"}],"about":[{"href":"https:\/\/www.poltec.ch\/de\/wp-json\/wp\/v2\/types\/product"}],"replies":[{"embeddable":true,"href":"https:\/\/www.poltec.ch\/de\/wp-json\/wp\/v2\/comments?post=3924"}],"wp:featuredmedia":[{"embeddable":true,"href":"https:\/\/www.poltec.ch\/de\/wp-json\/wp\/v2\/media\/3912"}],"wp:attachment":[{"href":"https:\/\/www.poltec.ch\/de\/wp-json\/wp\/v2\/media?parent=3924"}],"wp:term":[{"taxonomy":"product_brand","embeddable":true,"href":"https:\/\/www.poltec.ch\/de\/wp-json\/wp\/v2\/product_brand?post=3924"},{"taxonomy":"product_cat","embeddable":true,"href":"https:\/\/www.poltec.ch\/de\/wp-json\/wp\/v2\/product_cat?post=3924"},{"taxonomy":"product_tag","embeddable":true,"href":"https:\/\/www.poltec.ch\/de\/wp-json\/wp\/v2\/product_tag?post=3924"}],"curies":[{"name":"wp","href":"https:\/\/api.w.org\/{rel}","templated":true}]}}