{"id":4005,"date":"2016-10-04T15:15:31","date_gmt":"2016-10-04T14:15:31","guid":{"rendered":"http:\/\/poltec.ch\/wordpress\/product\/1919-uv-tinte-zur-poroesen-oberflaechenmarkierung-10-ml\/"},"modified":"2016-10-04T15:15:31","modified_gmt":"2016-10-04T14:15:31","slug":"1919-uv-tinte-zur-poroesen-oberflaechenmarkierung-10-ml","status":"publish","type":"product","link":"https:\/\/www.poltec.ch\/de\/produit\/1919-uv-tinte-zur-poroesen-oberflaechenmarkierung-10-ml\/","title":{"rendered":"1919 UV-Tinte zur por\u00f6sen Oberfl\u00e4chenmarkierung, 10 ml"},"content":{"rendered":"<p>Unsichtbare fluoreszierende Tinte zur Markierung von por\u00f6sen Oberfl\u00e4chen wie Papier. Fluoresziert blau unter UV.<br \/>\nIn Glasfl\u00e4schchen 10 ml<\/p>\n","protected":false},"excerpt":{"rendered":"<p>Unsichtbare fluoreszierende Tinte zur Markierung von por\u00f6sen Oberfl\u00e4chen wie Papier. Fluoresziert blau unter UV. In Glasfl\u00e4schchen 10 ml<\/p>\n","protected":false},"featured_media":3755,"comment_status":"closed","ping_status":"closed","template":"","meta":[],"product_brand":[],"product_cat":[223],"product_tag":[],"class_list":{"0":"post-4005","1":"product","2":"type-product","3":"status-publish","4":"has-post-thumbnail","6":"product_cat-diebstahl-fangmittel","8":"first","9":"instock","10":"taxable","11":"shipping-taxable","12":"purchasable","13":"product-type-simple"},"_links":{"self":[{"href":"https:\/\/www.poltec.ch\/de\/wp-json\/wp\/v2\/product\/4005","targetHints":{"allow":["GET"]}}],"collection":[{"href":"https:\/\/www.poltec.ch\/de\/wp-json\/wp\/v2\/product"}],"about":[{"href":"https:\/\/www.poltec.ch\/de\/wp-json\/wp\/v2\/types\/product"}],"replies":[{"embeddable":true,"href":"https:\/\/www.poltec.ch\/de\/wp-json\/wp\/v2\/comments?post=4005"}],"wp:featuredmedia":[{"embeddable":true,"href":"https:\/\/www.poltec.ch\/de\/wp-json\/wp\/v2\/media\/3755"}],"wp:attachment":[{"href":"https:\/\/www.poltec.ch\/de\/wp-json\/wp\/v2\/media?parent=4005"}],"wp:term":[{"taxonomy":"product_brand","embeddable":true,"href":"https:\/\/www.poltec.ch\/de\/wp-json\/wp\/v2\/product_brand?post=4005"},{"taxonomy":"product_cat","embeddable":true,"href":"https:\/\/www.poltec.ch\/de\/wp-json\/wp\/v2\/product_cat?post=4005"},{"taxonomy":"product_tag","embeddable":true,"href":"https:\/\/www.poltec.ch\/de\/wp-json\/wp\/v2\/product_tag?post=4005"}],"curies":[{"name":"wp","href":"https:\/\/api.w.org\/{rel}","templated":true}]}}