{"id":4007,"date":"2016-10-04T15:21:11","date_gmt":"2016-10-04T14:21:11","guid":{"rendered":"http:\/\/poltec.ch\/wordpress\/product\/1920-uv-tinte-zur-metallmarkierung-10-ml\/"},"modified":"2016-10-04T15:21:11","modified_gmt":"2016-10-04T14:21:11","slug":"1920-uv-tinte-zur-metallmarkierung-10-ml","status":"publish","type":"product","link":"https:\/\/www.poltec.ch\/de\/produit\/1920-uv-tinte-zur-metallmarkierung-10-ml\/","title":{"rendered":"1920 UV-Tinte zur Metallmarkierung, 10 ml"},"content":{"rendered":"<p><span lang=\"DE\">Unsichtbarer fluoreszierender Lack zur Markierung von Metallobjekten wie M\u00fcnzen. In Glasfl\u00e4schchen 10 ml (vor Gebrauch sch\u00fctteln). Kann mit einem Wattest\u00e4bchen aufgetragen werden.<\/span><\/p>\n","protected":false},"excerpt":{"rendered":"<p>Unsichtbarer fluoreszierender Lack zur Markierung von Metallobjekten wie M\u00fcnzen. In Glasfl\u00e4schchen 10 ml (vor Gebrauch sch\u00fctteln). Kann mit einem Wattest\u00e4bchen aufgetragen werden.<\/p>\n","protected":false},"featured_media":3755,"comment_status":"closed","ping_status":"closed","template":"","meta":[],"product_brand":[],"product_cat":[223],"product_tag":[],"class_list":{"0":"post-4007","1":"product","2":"type-product","3":"status-publish","4":"has-post-thumbnail","6":"product_cat-diebstahl-fangmittel","8":"first","9":"instock","10":"taxable","11":"shipping-taxable","12":"purchasable","13":"product-type-simple"},"_links":{"self":[{"href":"https:\/\/www.poltec.ch\/de\/wp-json\/wp\/v2\/product\/4007","targetHints":{"allow":["GET"]}}],"collection":[{"href":"https:\/\/www.poltec.ch\/de\/wp-json\/wp\/v2\/product"}],"about":[{"href":"https:\/\/www.poltec.ch\/de\/wp-json\/wp\/v2\/types\/product"}],"replies":[{"embeddable":true,"href":"https:\/\/www.poltec.ch\/de\/wp-json\/wp\/v2\/comments?post=4007"}],"wp:featuredmedia":[{"embeddable":true,"href":"https:\/\/www.poltec.ch\/de\/wp-json\/wp\/v2\/media\/3755"}],"wp:attachment":[{"href":"https:\/\/www.poltec.ch\/de\/wp-json\/wp\/v2\/media?parent=4007"}],"wp:term":[{"taxonomy":"product_brand","embeddable":true,"href":"https:\/\/www.poltec.ch\/de\/wp-json\/wp\/v2\/product_brand?post=4007"},{"taxonomy":"product_cat","embeddable":true,"href":"https:\/\/www.poltec.ch\/de\/wp-json\/wp\/v2\/product_cat?post=4007"},{"taxonomy":"product_tag","embeddable":true,"href":"https:\/\/www.poltec.ch\/de\/wp-json\/wp\/v2\/product_tag?post=4007"}],"curies":[{"name":"wp","href":"https:\/\/api.w.org\/{rel}","templated":true}]}}