{"id":4013,"date":"2016-10-04T15:29:33","date_gmt":"2016-10-04T14:29:33","guid":{"rendered":"http:\/\/poltec.ch\/wordpress\/product\/1921-1924-uv-wachsstift-10-mm-laenge-10-cm\/"},"modified":"2018-08-27T07:33:18","modified_gmt":"2018-08-27T06:33:18","slug":"1921-1924-uv-wachsstift-10-mm-laenge-10-cm","status":"publish","type":"product","link":"https:\/\/www.poltec.ch\/de\/produit\/1921-1924-uv-wachsstift-10-mm-laenge-10-cm\/","title":{"rendered":"1921-1924 UV-Wachsstift, 10 mm, L\u00e4nge 10 cm"},"content":{"rendered":"<p style=\"text-align: justify;\">UV-Wachsstift, 10 mm, L\u00e4nge 10 cm, erh\u00e4ltlich in :<\/p>\n<p style=\"text-align: justify;\">gr\u00fcn\u00a0\u00a0\u00a0\u00a0 : 1921<br \/>\ngelb\u00a0\u00a0\u00a0\u00a0\u00a0\u00a0: 1922<br \/>\norange : 1924<\/p>\n","protected":false},"excerpt":{"rendered":"<p>UV-Wachsstift, 10 mm, L\u00e4nge 10 cm, erh\u00e4ltlich in : gr\u00fcn\u00a0\u00a0\u00a0\u00a0 : 1921 gelb\u00a0\u00a0\u00a0\u00a0\u00a0\u00a0: 1922 orange : 1924<\/p>\n","protected":false},"featured_media":3755,"comment_status":"closed","ping_status":"closed","template":"","meta":[],"product_brand":[],"product_cat":[223],"product_tag":[],"class_list":{"0":"post-4013","1":"product","2":"type-product","3":"status-publish","4":"has-post-thumbnail","6":"product_cat-diebstahl-fangmittel","8":"first","9":"instock","10":"taxable","11":"shipping-taxable","12":"purchasable","13":"product-type-variable"},"_links":{"self":[{"href":"https:\/\/www.poltec.ch\/de\/wp-json\/wp\/v2\/product\/4013","targetHints":{"allow":["GET"]}}],"collection":[{"href":"https:\/\/www.poltec.ch\/de\/wp-json\/wp\/v2\/product"}],"about":[{"href":"https:\/\/www.poltec.ch\/de\/wp-json\/wp\/v2\/types\/product"}],"replies":[{"embeddable":true,"href":"https:\/\/www.poltec.ch\/de\/wp-json\/wp\/v2\/comments?post=4013"}],"wp:featuredmedia":[{"embeddable":true,"href":"https:\/\/www.poltec.ch\/de\/wp-json\/wp\/v2\/media\/3755"}],"wp:attachment":[{"href":"https:\/\/www.poltec.ch\/de\/wp-json\/wp\/v2\/media?parent=4013"}],"wp:term":[{"taxonomy":"product_brand","embeddable":true,"href":"https:\/\/www.poltec.ch\/de\/wp-json\/wp\/v2\/product_brand?post=4013"},{"taxonomy":"product_cat","embeddable":true,"href":"https:\/\/www.poltec.ch\/de\/wp-json\/wp\/v2\/product_cat?post=4013"},{"taxonomy":"product_tag","embeddable":true,"href":"https:\/\/www.poltec.ch\/de\/wp-json\/wp\/v2\/product_tag?post=4013"}],"curies":[{"name":"wp","href":"https:\/\/api.w.org\/{rel}","templated":true}]}}