{"id":4020,"date":"2016-10-04T15:35:44","date_gmt":"2016-10-04T14:35:44","guid":{"rendered":"http:\/\/poltec.ch\/wordpress\/product\/1925-wachsstifthalter-fuer-wachsstift-artikel-1921-bis-1924\/"},"modified":"2016-10-04T15:37:59","modified_gmt":"2016-10-04T14:37:59","slug":"1925-wachsstifthalter-fuer-wachsstift-artikel-1921-bis-1924","status":"publish","type":"product","link":"https:\/\/www.poltec.ch\/de\/produit\/1925-wachsstifthalter-fuer-wachsstift-artikel-1921-bis-1924\/","title":{"rendered":"1925 Wachsstifthalter, f\u00fcr Wachsstift, f\u00fcr Artikel 1921 bis 1924"},"content":{"rendered":"<p>Wachsstifthalter, f\u00fcr Wachsstift, f\u00fcr\u00a0Artikel 1921 bis 1924<\/p>\n","protected":false},"excerpt":{"rendered":"<p>Wachsstifthalter, f\u00fcr Wachsstift, f\u00fcr\u00a0Artikel 1921 bis 1924<\/p>\n","protected":false},"featured_media":3755,"comment_status":"closed","ping_status":"closed","template":"","meta":[],"product_brand":[],"product_cat":[223],"product_tag":[],"class_list":{"0":"post-4020","1":"product","2":"type-product","3":"status-publish","4":"has-post-thumbnail","6":"product_cat-diebstahl-fangmittel","8":"first","9":"instock","10":"taxable","11":"shipping-taxable","12":"purchasable","13":"product-type-simple"},"_links":{"self":[{"href":"https:\/\/www.poltec.ch\/de\/wp-json\/wp\/v2\/product\/4020","targetHints":{"allow":["GET"]}}],"collection":[{"href":"https:\/\/www.poltec.ch\/de\/wp-json\/wp\/v2\/product"}],"about":[{"href":"https:\/\/www.poltec.ch\/de\/wp-json\/wp\/v2\/types\/product"}],"replies":[{"embeddable":true,"href":"https:\/\/www.poltec.ch\/de\/wp-json\/wp\/v2\/comments?post=4020"}],"wp:featuredmedia":[{"embeddable":true,"href":"https:\/\/www.poltec.ch\/de\/wp-json\/wp\/v2\/media\/3755"}],"wp:attachment":[{"href":"https:\/\/www.poltec.ch\/de\/wp-json\/wp\/v2\/media?parent=4020"}],"wp:term":[{"taxonomy":"product_brand","embeddable":true,"href":"https:\/\/www.poltec.ch\/de\/wp-json\/wp\/v2\/product_brand?post=4020"},{"taxonomy":"product_cat","embeddable":true,"href":"https:\/\/www.poltec.ch\/de\/wp-json\/wp\/v2\/product_cat?post=4020"},{"taxonomy":"product_tag","embeddable":true,"href":"https:\/\/www.poltec.ch\/de\/wp-json\/wp\/v2\/product_tag?post=4020"}],"curies":[{"name":"wp","href":"https:\/\/api.w.org\/{rel}","templated":true}]}}