{"id":4053,"date":"2016-10-09T16:47:48","date_gmt":"2016-10-09T15:47:48","guid":{"rendered":"http:\/\/poltec.ch\/wordpress\/product\/2122-x-loupe-agilelite-system\/"},"modified":"2017-04-23T10:47:13","modified_gmt":"2017-04-23T09:47:13","slug":"2122-x-loupe-agilelite-system","status":"publish","type":"product","link":"https:\/\/www.poltec.ch\/de\/produit\/2122-x-loupe-agilelite-system\/","title":{"rendered":"2122 X-Loupe AgileLite"},"content":{"rendered":"<p><span lang=\"DE\" style=\"margin: 0px; font-family: 'Arial',sans-serif;\">Das AgileLite X-Loupe\u00ae System ist eine leistungsf\u00e4hige Plattform DSLR-Beleuchtung f\u00fcr die Makro- und Mikrofotografie (weiss oder Fluoreszenzlicht) forensischer Tatorten. Es kann seine Lichtfunktionen einschalten, indem Sie die entsprechenden Module \u00e4ndern, und jedes Modul ist f\u00fcr verschiedene Fotografie-Zuweisungen an Tatorten entworfen. Das System umfasst zwei Missionsmodule:<\/span><\/p>\n<p><span style=\"color: #000000;\">\u2022 4&#215;4 Barrel ist f\u00fcr die effiziente Fingerabdruck Fotografie entwickelt<\/span><br \/>\n<span style=\"color: #000000;\"> \u2022 AgileLite Ring ist f\u00fcr organische Fotografie, Beweise und Dokumente entworfen<\/span><\/p>\n<p>4&#215;4 Barrel und AgileLite Ring sind jeweils mit zwei umschaltbaren Lichtkan\u00e4le zur Verf\u00fcgung gestellt: wei\u00dfes Licht und eine spezifische Wellenl\u00e4nge des Fluoreszenzanregung. Diese Funktion reduziert die Zeit, die Ermittler verbringen, ein Licht zu einem anderen zu wechseln.<\/p>\n<p>In der Rechtsmedizin, ist es f\u00fcr die Beobachtung, die Fotografie und Sammeln von Beweise verwendet. Forensik Lichtquelle AgileLite Ring ist erstens f\u00fcr Beweise (wie K\u00f6rperfl\u00fcssigkeiten oder Blut) zu finden, dann um Fotos zu machen verwendet.<\/p>\n<p>5 verschiedene Kits zur Verf\u00fcgung. Siehe Brosch\u00fcre<\/p>\n<p>X-Loupe Brosch\u00fcre in englisch : <a href=\"https:\/\/www.poltec.ch\/wp-content\/uploads\/2016\/10\/X-Loupe-ENG.pdf\">x-loupe-eng<\/a><\/p>\n<p><strong><span style=\"color: #000000;\">PREIS AUF ANFRAGE<\/span><\/strong><\/p>\n","protected":false},"excerpt":{"rendered":"<p>Das AgileLite X-Loupe\u00ae System ist eine leistungsf\u00e4hige Plattform DSLR-Beleuchtung f\u00fcr die Makro- und Mikrofotografie (weiss oder Fluoreszenzlicht) forensischer Tatorten. Es kann seine Lichtfunktionen einschalten, indem Sie die entsprechenden Module \u00e4ndern, und jedes Modul ist f\u00fcr verschiedene Fotografie-Zuweisungen an Tatorten entworfen. Das System umfasst zwei Missionsmodule: \u2022 4&#215;4 Barrel ist f\u00fcr die effiziente Fingerabdruck Fotografie entwickelt [&hellip;]<\/p>\n","protected":false},"featured_media":4045,"comment_status":"closed","ping_status":"closed","template":"","meta":[],"product_brand":[],"product_cat":[103,110,234,104],"product_tag":[],"class_list":{"0":"post-4053","1":"product","2":"type-product","3":"status-publish","4":"has-post-thumbnail","6":"product_cat-arrestantenbehandlung","7":"product_cat-einsatzkoffer","8":"product_cat-fotobedarf","9":"product_cat-lampen","11":"first","12":"instock","13":"taxable","14":"shipping-taxable","15":"purchasable","16":"product-type-simple"},"_links":{"self":[{"href":"https:\/\/www.poltec.ch\/de\/wp-json\/wp\/v2\/product\/4053","targetHints":{"allow":["GET"]}}],"collection":[{"href":"https:\/\/www.poltec.ch\/de\/wp-json\/wp\/v2\/product"}],"about":[{"href":"https:\/\/www.poltec.ch\/de\/wp-json\/wp\/v2\/types\/product"}],"replies":[{"embeddable":true,"href":"https:\/\/www.poltec.ch\/de\/wp-json\/wp\/v2\/comments?post=4053"}],"wp:featuredmedia":[{"embeddable":true,"href":"https:\/\/www.poltec.ch\/de\/wp-json\/wp\/v2\/media\/4045"}],"wp:attachment":[{"href":"https:\/\/www.poltec.ch\/de\/wp-json\/wp\/v2\/media?parent=4053"}],"wp:term":[{"taxonomy":"product_brand","embeddable":true,"href":"https:\/\/www.poltec.ch\/de\/wp-json\/wp\/v2\/product_brand?post=4053"},{"taxonomy":"product_cat","embeddable":true,"href":"https:\/\/www.poltec.ch\/de\/wp-json\/wp\/v2\/product_cat?post=4053"},{"taxonomy":"product_tag","embeddable":true,"href":"https:\/\/www.poltec.ch\/de\/wp-json\/wp\/v2\/product_tag?post=4053"}],"curies":[{"name":"wp","href":"https:\/\/api.w.org\/{rel}","templated":true}]}}