{"id":4152,"date":"2017-01-03T15:09:11","date_gmt":"2017-01-03T14:09:11","guid":{"rendered":"https:\/\/www.poltec.ch\/product\/1791-membranschachtel-150-x-50-x-25-12-512-5-mm\/"},"modified":"2017-01-03T15:12:33","modified_gmt":"2017-01-03T14:12:33","slug":"1791-membranschachtel-150-x-50-x-25-12-512-5-mm","status":"publish","type":"product","link":"https:\/\/www.poltec.ch\/de\/produit\/1791-membranschachtel-150-x-50-x-25-12-512-5-mm\/","title":{"rendered":"1791 Membranschachtel 150 x 50 x 25 (12.5+12.5) mm"},"content":{"rendered":"<p>Membranschachtel 150 x 50 x 25 (12.5+12.5) mm<\/p>\n<p>Aussenmasse: 150 x 50 x 25 (12.5+12.5) mm<\/p>\n<p><strong>Geeignet f\u00fcr Inhaltsteile bis Gr\u00f6sse ca. <\/strong><strong>112 x 12 x 18 mm<\/strong><\/p>\n<p>Ausf\u00fchrung: 2 Membranboxenh\u00e4lften, 1 Verschluss gelb und 2 Scharniere transparent, Boxen zusammengestellt geliefert.<\/p>\n","protected":false},"excerpt":{"rendered":"<p>Membranschachtel 150 x 50 x 25 (12.5+12.5) mm Aussenmasse: 150 x 50 x 25 (12.5+12.5) mm Geeignet f\u00fcr Inhaltsteile bis Gr\u00f6sse ca. 112 x 12 x 18 mm Ausf\u00fchrung: 2 Membranboxenh\u00e4lften, 1 Verschluss gelb und 2 Scharniere transparent, Boxen zusammengestellt geliefert.<\/p>\n","protected":false},"featured_media":4142,"comment_status":"closed","ping_status":"closed","template":"","meta":[],"product_brand":[],"product_cat":[102,291],"product_tag":[],"class_list":{"0":"post-4152","1":"product","2":"type-product","3":"status-publish","4":"has-post-thumbnail","6":"product_cat-behaeltnisse","7":"product_cat-membranschachtel","9":"first","10":"instock","11":"taxable","12":"shipping-taxable","13":"purchasable","14":"product-type-simple"},"_links":{"self":[{"href":"https:\/\/www.poltec.ch\/de\/wp-json\/wp\/v2\/product\/4152","targetHints":{"allow":["GET"]}}],"collection":[{"href":"https:\/\/www.poltec.ch\/de\/wp-json\/wp\/v2\/product"}],"about":[{"href":"https:\/\/www.poltec.ch\/de\/wp-json\/wp\/v2\/types\/product"}],"replies":[{"embeddable":true,"href":"https:\/\/www.poltec.ch\/de\/wp-json\/wp\/v2\/comments?post=4152"}],"wp:featuredmedia":[{"embeddable":true,"href":"https:\/\/www.poltec.ch\/de\/wp-json\/wp\/v2\/media\/4142"}],"wp:attachment":[{"href":"https:\/\/www.poltec.ch\/de\/wp-json\/wp\/v2\/media?parent=4152"}],"wp:term":[{"taxonomy":"product_brand","embeddable":true,"href":"https:\/\/www.poltec.ch\/de\/wp-json\/wp\/v2\/product_brand?post=4152"},{"taxonomy":"product_cat","embeddable":true,"href":"https:\/\/www.poltec.ch\/de\/wp-json\/wp\/v2\/product_cat?post=4152"},{"taxonomy":"product_tag","embeddable":true,"href":"https:\/\/www.poltec.ch\/de\/wp-json\/wp\/v2\/product_tag?post=4152"}],"curies":[{"name":"wp","href":"https:\/\/api.w.org\/{rel}","templated":true}]}}