{"id":4400,"date":"2017-04-17T12:07:08","date_gmt":"2017-04-17T11:07:08","guid":{"rendered":"https:\/\/www.poltec.ch\/product\/6000-nomad-prime-portable-area-spot-light\/"},"modified":"2019-01-08T10:43:41","modified_gmt":"2019-01-08T09:43:41","slug":"6000-nomad-prime-portable-area-spot-light","status":"publish","type":"product","link":"https:\/\/www.poltec.ch\/de\/produit\/6000-nomad-prime-portable-area-spot-light\/","title":{"rendered":"6000 FoxFury Nomad\u00ae Prime Portable Area-Spot Light"},"content":{"rendered":"<p style=\"text-align: center;\"><a href=\"https:\/\/www.poltec.ch\/wp-content\/uploads\/2017\/04\/Logo-Prime-1.jpg\"><img loading=\"lazy\" decoding=\"async\" class=\"alignnone size-medium wp-image-4376\" src=\"https:\/\/www.poltec.ch\/wp-content\/uploads\/2017\/04\/Logo-Prime-1-300x56.jpg\" alt=\"\" width=\"300\" height=\"56\" srcset=\"https:\/\/www.poltec.ch\/wp-content\/uploads\/2017\/04\/Logo-Prime-1-300x56.jpg 300w, https:\/\/www.poltec.ch\/wp-content\/uploads\/2017\/04\/Logo-Prime-1.jpg 400w\" sizes=\"auto, (max-width: 300px) 100vw, 300px\" \/><\/a><\/p>\n<p><strong>Nomad\u00ae Prime Portable Area-Spot Light<\/strong><br \/>\nDas Beleuchtungssystem Nomad Prime kann umgeh\u00e4ngt getragen werden um den Weg zu beleuchten oder einen Bereich zu untersuchen. Sein tragbares Design, kompakt, wasserdicht und anpassungsf\u00e4hig erm\u00f6glicht es an Orten eingesetzt zu werden, wo andere Beleuchtungssysteme es nicht sein k\u00f6nnen. (Wald &#8211; schwer zug\u00e4ngliche Stellen&#8230;)<br \/>\nDas System arbeitet kabellos und ist mit einem wieder aufladbaren Li-Ion-Akku vorgesehen, der bis zu 5&#8217;000 Lumen tr\u00e4gt mit einer Autonomie bis zu 24 Stunden je nachdem der gew\u00e4hlten Betriebsart.<br \/>\nDieses System wir Sie vermeiden, einen schweren und l\u00e4rmenden Generator zu benutzen.<br \/>\nNotfalls kann das System st\u00e4ndig benutzt werden, wenn eine externe Stromquelle angeschlossen ist.<br \/>\nDie Einrichtung des Systems von Nomad Prime dauert nur ungef\u00e4hr 20 Sekunden dank ihren einsatzbereiten F\u00fcssen. Erstrecken sich einfach die autonome Stativbeine und den Kopfhebeteleskop, einstellbar bis zu 2,4 m. Das System ist mit einem Haken unter dem Stativ vorgesehen, das erlaubt ihm, ein Gewicht aufzuh\u00e4ngen, um ihn zu stabilisieren.<br \/>\nZus\u00e4tzlich ist jeder Fuss mit einer ausziehbaren Verl\u00e4ngerung bereitgestellt, um die Lampe in einer unbest\u00e4ndigen Oberfl\u00e4che festzulegen.<\/p>\n<p>&#8211;\u00a0\u00a0\u00a0\u00a0\u00a0\u00a0\u00a0\u00a0\u00a0 Tragbares Design, wieder aufladbar, kabellos<br \/>\n&#8211;\u00a0\u00a0\u00a0\u00a0\u00a0\u00a0\u00a0\u00a0\u00a0 Wasserdicht bis 3 m<br \/>\n&#8211;\u00a0\u00a0\u00a0\u00a0\u00a0\u00a0\u00a0\u00a0\u00a0 Schnelle und einfache Einrichtung (~ 20 Sekunden)<br \/>\n&#8211;\u00a0\u00a0\u00a0\u00a0\u00a0\u00a0\u00a0\u00a0\u00a0 Einfache Reinigung<br \/>\n&#8211;\u00a0\u00a0\u00a0\u00a0\u00a0\u00a0\u00a0\u00a0\u00a0 Kopf dreht sich um 340\u00b0 und kippt nach oben und unten<br \/>\n&#8211;\u00a0\u00a0\u00a0\u00a0\u00a0\u00a0\u00a0\u00a0\u00a0 2 Beleuchtungsarten (Lichtbereich, Winkel 120\u00b0 oder<br \/>\nProjektor, Winkel 8\u00b0)<br \/>\n&#8211;\u00a0\u00a0\u00a0\u00a0\u00a0\u00a0\u00a0\u00a0\u00a0 4 Betriebsarten (niedrig \u2013 mittel \u2013 hoch und blinkend)<br \/>\n&#8211;\u00a0\u00a0\u00a0\u00a0\u00a0\u00a0\u00a0\u00a0\u00a0 Li-Ion Akku, in 5 Stunden voll aufgeladen<br \/>\n&#8211;\u00a0\u00a0\u00a0\u00a0\u00a0\u00a0\u00a0\u00a0\u00a0 Indikator f\u00fcr Akkuladung<br \/>\n&#8211;\u00a0\u00a0\u00a0\u00a0\u00a0\u00a0\u00a0\u00a0\u00a0 12V oder 230V<br \/>\n&#8211;\u00a0\u00a0\u00a0\u00a0\u00a0\u00a0\u00a0\u00a0\u00a0 Verstellbar in der H\u00f6he bis zu 2,4 m<br \/>\n&#8211;\u00a0\u00a0\u00a0\u00a0\u00a0\u00a0\u00a0\u00a0\u00a0 Schlagfest bis 1 m<br \/>\n&#8211;\u00a0\u00a0\u00a0\u00a0\u00a0\u00a0\u00a0\u00a0\u00a0 Brandschutzanforderungen : 260\u00b0 C f\u00fcr 30 Minuten<br \/>\n&#8211;\u00a0\u00a0\u00a0\u00a0\u00a0\u00a0\u00a0\u00a0\u00a0 Kombination aus Nylon 66 mit Glasfaser und 6061-T6 Aluminiumkopf<br \/>\n&#8211;\u00a0\u00a0\u00a0\u00a0\u00a0\u00a0\u00a0\u00a0\u00a0 Edelstahl-Teleskoprohr<br \/>\n&#8211;\u00a0\u00a0\u00a0\u00a0\u00a0\u00a0\u00a0\u00a0\u00a0 Polycarbonat-Linse und Diffusor<br \/>\n&#8211;\u00a0\u00a0\u00a0\u00a0\u00a0\u00a0\u00a0\u00a0\u00a0 Masse geschlossen : H\u00f6he 87,8 cm x \u00d8 11,7 cm<br \/>\n&#8211;\u00a0\u00a0\u00a0\u00a0\u00a0\u00a0\u00a0\u00a0\u00a0 Gewicht : 8,3 kg<br \/>\n&#8211;\u00a0\u00a0\u00a0\u00a0\u00a0\u00a0\u00a0\u00a0\u00a0 Einschliesslich : Nachladbares Li-Ion-Batteriesystem (eingebaut), Netzadapter &amp; Kabel, 12V Kabel, 3M Reflektierende Gelb Sicherheitsstreifen, Nomad Zubeh\u00f6r Tasche, Diffusor rot (<strong>Adapter USA-CH nicht enthalten<\/strong>)<br \/>\n&#8211;\u00a0\u00a0\u00a0\u00a0\u00a0\u00a0\u00a0\u00a0\u00a0 P\/N : 200-800<\/p>\n<p><strong>Technisches Datenblatt ENG<\/strong> : <a href=\"https:\/\/www.poltec.ch\/wp-content\/uploads\/2019\/01\/Nomad-Prime_P56.pdf\">Nomad Prime_P56<\/a><\/p>\n<p><strong>Video<\/strong> :\u00a0<a href=\"https:\/\/www.youtube.com\/watch?v=Wde1JteBUzg\">https:\/\/www.youtube.com\/watch?v=Wde1JteBUzg<\/a><\/p>\n","protected":false},"excerpt":{"rendered":"<p>Nomad\u00ae Prime Portable Area-Spot Light Das Beleuchtungssystem Nomad Prime kann umgeh\u00e4ngt getragen werden um den Weg zu beleuchten oder einen Bereich zu untersuchen. Sein tragbares Design, kompakt, wasserdicht und anpassungsf\u00e4hig erm\u00f6glicht es an Orten eingesetzt zu werden, wo andere Beleuchtungssysteme es nicht sein k\u00f6nnen. (Wald &#8211; schwer zug\u00e4ngliche Stellen&#8230;) Das System arbeitet kabellos und ist [&hellip;]<\/p>\n","protected":false},"featured_media":4385,"comment_status":"closed","ping_status":"closed","template":"","meta":[],"product_brand":[],"product_cat":[309,104],"product_tag":[],"class_list":{"0":"post-4400","1":"product","2":"type-product","3":"status-publish","4":"has-post-thumbnail","6":"product_cat-foxfury-de","7":"product_cat-lampen","9":"first","10":"instock","11":"taxable","12":"shipping-taxable","13":"purchasable","14":"product-type-simple"},"_links":{"self":[{"href":"https:\/\/www.poltec.ch\/de\/wp-json\/wp\/v2\/product\/4400","targetHints":{"allow":["GET"]}}],"collection":[{"href":"https:\/\/www.poltec.ch\/de\/wp-json\/wp\/v2\/product"}],"about":[{"href":"https:\/\/www.poltec.ch\/de\/wp-json\/wp\/v2\/types\/product"}],"replies":[{"embeddable":true,"href":"https:\/\/www.poltec.ch\/de\/wp-json\/wp\/v2\/comments?post=4400"}],"wp:featuredmedia":[{"embeddable":true,"href":"https:\/\/www.poltec.ch\/de\/wp-json\/wp\/v2\/media\/4385"}],"wp:attachment":[{"href":"https:\/\/www.poltec.ch\/de\/wp-json\/wp\/v2\/media?parent=4400"}],"wp:term":[{"taxonomy":"product_brand","embeddable":true,"href":"https:\/\/www.poltec.ch\/de\/wp-json\/wp\/v2\/product_brand?post=4400"},{"taxonomy":"product_cat","embeddable":true,"href":"https:\/\/www.poltec.ch\/de\/wp-json\/wp\/v2\/product_cat?post=4400"},{"taxonomy":"product_tag","embeddable":true,"href":"https:\/\/www.poltec.ch\/de\/wp-json\/wp\/v2\/product_tag?post=4400"}],"curies":[{"name":"wp","href":"https:\/\/api.w.org\/{rel}","templated":true}]}}