{"id":4421,"date":"2017-04-17T12:51:22","date_gmt":"2017-04-17T11:51:22","guid":{"rendered":"https:\/\/www.poltec.ch\/product\/6001-foxfury-nomad-360-scene-light\/"},"modified":"2019-01-08T11:01:11","modified_gmt":"2019-01-08T10:01:11","slug":"6001-foxfury-nomad-360-scene-light","status":"publish","type":"product","link":"https:\/\/www.poltec.ch\/de\/produit\/6001-foxfury-nomad-360-scene-light\/","title":{"rendered":"6001 FoxFury Nomad\u00ae 360 Scene Light"},"content":{"rendered":"<p style=\"text-align: center;\"><a href=\"https:\/\/www.poltec.ch\/wp-content\/uploads\/2017\/04\/Logo-360.jpg\"><img loading=\"lazy\" decoding=\"async\" class=\"alignnone size-medium wp-image-4414\" src=\"https:\/\/www.poltec.ch\/wp-content\/uploads\/2017\/04\/Logo-360-300x56.jpg\" alt=\"\" width=\"300\" height=\"56\" srcset=\"https:\/\/www.poltec.ch\/wp-content\/uploads\/2017\/04\/Logo-360-300x56.jpg 300w, https:\/\/www.poltec.ch\/wp-content\/uploads\/2017\/04\/Logo-360.jpg 400w\" sizes=\"auto, (max-width: 300px) 100vw, 300px\" \/><\/a><\/p>\n<p><strong>FoxFury Nomad\u00ae 360 Scene Light<\/strong><br \/>\n<span lang=\"DE\"><span style=\"font-family: Times New Roman;\">Sein tragbares Design, kompakt, wasserdicht und anpassungsf\u00e4hig erm\u00f6glicht es an Orten eingesetzt zu werden, wo andere Beleuchtungssysteme es nicht sein k\u00f6nnen. (Wald &#8211; <\/span>schwer zug\u00e4ngliche Stellen<span style=\"font-family: Times New Roman;\">&#8230;)<\/span><\/span><br \/>\n<span lang=\"DE\"><span style=\"font-family: Times New Roman;\">Das System arbeitet kabellos und ist mit einem wieder aufladbaren Li-Ion-Akku vorgesehen, der bis zu 8&#8217;000 Lumen tr\u00e4gt mit einer Autonomie bis zu 24 Stunden je nachdem der gew\u00e4hlten Betriebsart.<\/span><\/span><br \/>\n<span lang=\"DE\"><span style=\"font-family: Times New Roman;\">Dieses System wird Sie vermeiden, einen schweren und l\u00e4rmenden Generator zu benutzen.<\/span><\/span><br \/>\n<span lang=\"DE\"><span style=\"font-family: Times New Roman;\">Notfalls kann das System st\u00e4ndig benutzt werden, wenn eine externe Stromquelle angeschlossen ist.<\/span><\/span><br \/>\n<span lang=\"DE\"><span style=\"font-family: Times New Roman;\">Die Einrichtung des Systems von Nomad 360 dauert nur ungef\u00e4hr 20 Sekunden dank ihren einsatzbereiten F\u00fcssen. <\/span>Erstrecken sich einfach die autonome Stativbeine und den Kopfhebeteleskop<span style=\"font-family: Times New Roman;\">, einstellbar bis zu 2,6 m. Das System ist mit einem Haken unter dem Stativ vorgesehen, das erlaubt ihm, ein Gewicht aufzuh\u00e4ngen, um ihn zu stabilisieren.<\/span><\/span><br \/>\n<span lang=\"DE\">Zus\u00e4tzlich ist jeder Fuss mit einer ausziehbaren Verl\u00e4ngerung bereitgestellt<\/span><span lang=\"DE\"><span style=\"font-family: Times New Roman;\">, um die Lampe in einer unbest\u00e4ndigen Oberfl\u00e4che festzulegen<\/span><span style=\"color: #000000; font-family: Times New Roman;\">.<\/span><span style=\"color: #000000; font-family: Times New Roman;\">\u00a0 <\/span><\/span><\/p>\n<p>&#8211;\u00a0\u00a0\u00a0\u00a0\u00a0\u00a0\u00a0\u00a0\u00a0 Tragbares Design, wieder aufladbar, kabellos<br \/>\n&#8211;\u00a0\u00a0\u00a0\u00a0\u00a0\u00a0\u00a0\u00a0\u00a0 Wasserdicht bis 3 m<br \/>\n&#8211;\u00a0\u00a0\u00a0\u00a0\u00a0\u00a0\u00a0\u00a0\u00a0 Schnelle und einfache Einrichtung (~ 20 Sekunden)<br \/>\n&#8211;\u00a0\u00a0\u00a0\u00a0\u00a0\u00a0\u00a0\u00a0\u00a0 Einfache Reinigung<br \/>\n&#8211;\u00a0\u00a0\u00a0\u00a0\u00a0\u00a0\u00a0\u00a0\u00a0 Kopf dreht sich um 340\u00b0 und kippt nach oben und unten<br \/>\n&#8211;\u00a0\u00a0\u00a0\u00a0\u00a0\u00a0\u00a0\u00a0\u00a0 3 Beleuchtungsarten (Szene Licht, Winkel 360\u00b0, Raum Licht, Winkel 120\u00b0 oder Projektor, Winkel 12\u00b0)<br \/>\n&#8211;\u00a0\u00a0\u00a0\u00a0\u00a0\u00a0\u00a0\u00a0\u00a0 3 Betriebsarten (niedrig \u2013 mittel \u2013 hoch)<br \/>\n&#8211;\u00a0\u00a0\u00a0\u00a0\u00a0\u00a0\u00a0\u00a0\u00a0 Li-Ion Akku, in 7 Stunden voll aufgeladen<br \/>\n&#8211;\u00a0\u00a0\u00a0\u00a0\u00a0\u00a0\u00a0\u00a0\u00a0 Indikator f\u00fcr Akkuladung<br \/>\n&#8211;\u00a0\u00a0\u00a0\u00a0\u00a0\u00a0\u00a0\u00a0\u00a0 12V oder 230V<br \/>\n&#8211;\u00a0\u00a0\u00a0\u00a0\u00a0\u00a0\u00a0\u00a0\u00a0 Verstellbar in der H\u00f6he bis zu 2,6 m<br \/>\n&#8211;\u00a0\u00a0\u00a0\u00a0\u00a0\u00a0\u00a0\u00a0\u00a0 Schlagfest bis 1 m<br \/>\n&#8211;\u00a0\u00a0\u00a0\u00a0\u00a0\u00a0\u00a0\u00a0\u00a0 Brandschutzanforderungen : 260\u00b0 C f\u00fcr 30 Minuten<br \/>\n&#8211;\u00a0\u00a0\u00a0\u00a0\u00a0\u00a0\u00a0\u00a0\u00a0 Kombination aus Nylon 66 mit Glasfaser und 6061-T6 Aluminiumkopf<br \/>\n&#8211;\u00a0\u00a0\u00a0\u00a0\u00a0\u00a0\u00a0\u00a0\u00a0 Edelstahl-Teleskoprohr<br \/>\n&#8211;\u00a0\u00a0\u00a0\u00a0\u00a0\u00a0\u00a0\u00a0\u00a0 Polycarbonat-Linse und Diffusor<br \/>\n&#8211;\u00a0\u00a0\u00a0\u00a0\u00a0\u00a0\u00a0\u00a0\u00a0 Masse geschlossen : H\u00f6he 1013 mm x \u00d8 117 mm<br \/>\n&#8211;\u00a0\u00a0\u00a0\u00a0\u00a0\u00a0\u00a0\u00a0\u00a0 Gewicht : 11,1 kg<br \/>\n&#8211;\u00a0\u00a0\u00a0\u00a0\u00a0\u00a0\u00a0\u00a0\u00a0 Einschliesslich : Nachladbares Li-Ion-Batteriesystem (eingebaut), Netzadapter &amp; Kabel, 12V Kabel, 3M Reflektierende Gelb Sicherheitsstreifen, Nomad Zubeh\u00f6r Tasche, Farbb\u00e4nder (1 Set) (<strong>Adapter USA-CH<\/strong> <strong>nicht enthalten<\/strong>)<br \/>\n&#8211;\u00a0\u00a0\u00a0\u00a0\u00a0\u00a0\u00a0\u00a0\u00a0 P\/N : 200-900<\/p>\n<p><strong>Tehnisches Datenblatt ENG<\/strong> : <a href=\"https:\/\/www.poltec.ch\/wp-content\/uploads\/2019\/01\/Nomad-360_T32_T56.pdf\">Nomad 360_T32_T56<\/a><\/p>\n<p><strong>Video<\/strong> :\u00a0<a href=\"https:\/\/www.youtube.com\/watch?v=8j_DbYGDu6c\">https:\/\/www.youtube.com\/watch?v=8j_DbYGDu6c<\/a><\/p>\n","protected":false},"excerpt":{"rendered":"<p>FoxFury Nomad\u00ae 360 Scene Light Sein tragbares Design, kompakt, wasserdicht und anpassungsf\u00e4hig erm\u00f6glicht es an Orten eingesetzt zu werden, wo andere Beleuchtungssysteme es nicht sein k\u00f6nnen. (Wald &#8211; schwer zug\u00e4ngliche Stellen&#8230;) Das System arbeitet kabellos und ist mit einem wieder aufladbaren Li-Ion-Akku vorgesehen, der bis zu 8&#8217;000 Lumen tr\u00e4gt mit einer Autonomie bis zu 24 [&hellip;]<\/p>\n","protected":false},"featured_media":4403,"comment_status":"closed","ping_status":"closed","template":"","meta":[],"product_brand":[],"product_cat":[309,104],"product_tag":[],"class_list":{"0":"post-4421","1":"product","2":"type-product","3":"status-publish","4":"has-post-thumbnail","6":"product_cat-foxfury-de","7":"product_cat-lampen","9":"first","10":"instock","11":"taxable","12":"shipping-taxable","13":"purchasable","14":"product-type-simple"},"_links":{"self":[{"href":"https:\/\/www.poltec.ch\/de\/wp-json\/wp\/v2\/product\/4421","targetHints":{"allow":["GET"]}}],"collection":[{"href":"https:\/\/www.poltec.ch\/de\/wp-json\/wp\/v2\/product"}],"about":[{"href":"https:\/\/www.poltec.ch\/de\/wp-json\/wp\/v2\/types\/product"}],"replies":[{"embeddable":true,"href":"https:\/\/www.poltec.ch\/de\/wp-json\/wp\/v2\/comments?post=4421"}],"wp:featuredmedia":[{"embeddable":true,"href":"https:\/\/www.poltec.ch\/de\/wp-json\/wp\/v2\/media\/4403"}],"wp:attachment":[{"href":"https:\/\/www.poltec.ch\/de\/wp-json\/wp\/v2\/media?parent=4421"}],"wp:term":[{"taxonomy":"product_brand","embeddable":true,"href":"https:\/\/www.poltec.ch\/de\/wp-json\/wp\/v2\/product_brand?post=4421"},{"taxonomy":"product_cat","embeddable":true,"href":"https:\/\/www.poltec.ch\/de\/wp-json\/wp\/v2\/product_cat?post=4421"},{"taxonomy":"product_tag","embeddable":true,"href":"https:\/\/www.poltec.ch\/de\/wp-json\/wp\/v2\/product_tag?post=4421"}],"curies":[{"name":"wp","href":"https:\/\/api.w.org\/{rel}","templated":true}]}}