{"id":4437,"date":"2017-04-17T13:10:14","date_gmt":"2017-04-17T12:10:14","guid":{"rendered":"https:\/\/www.poltec.ch\/product\/6002-foxfury-nomad-now-scene-light-single-activation\/"},"modified":"2019-01-08T11:06:53","modified_gmt":"2019-01-08T10:06:53","slug":"6002-foxfury-nomad-now-scene-light-single-activation","status":"publish","type":"product","link":"https:\/\/www.poltec.ch\/de\/produit\/6002-foxfury-nomad-now-scene-light-single-activation\/","title":{"rendered":"6002 FoxFury Nomad\u00ae NOW Scene Light: Single Activation"},"content":{"rendered":"<p style=\"text-align: center;\"><a href=\"https:\/\/www.poltec.ch\/wp-content\/uploads\/2017\/04\/Now2.jpg\"><img loading=\"lazy\" decoding=\"async\" class=\"alignnone size-medium wp-image-4431\" src=\"https:\/\/www.poltec.ch\/wp-content\/uploads\/2017\/04\/Now2-300x56.jpg\" alt=\"\" width=\"300\" height=\"56\" srcset=\"https:\/\/www.poltec.ch\/wp-content\/uploads\/2017\/04\/Now2-300x56.jpg 300w, https:\/\/www.poltec.ch\/wp-content\/uploads\/2017\/04\/Now2.jpg 400w\" sizes=\"auto, (max-width: 300px) 100vw, 300px\" \/><\/a><\/p>\n<p><strong>Nomad\u00ae NOW Scene Light: Single Activation<\/strong><\/p>\n<p>Kompaktes Beleuchtungssystem mit Fernbedienung, die bis 3&#8217;000 Lumen bietet mit einer Autonomie bis zu 24 Stunden. Nomad NOW wandelt das Sektor Licht in einem Projektor \u00a0in wenigen Sekunden durch die Schiebelinse. Diese tragbare Lampe kann fast \u00fcberall gehen, sie ist wasserdicht und passt sich an ihre spezifischen Bed\u00fcrfnisse an. Senken Sie sie auf einer ebenen Fl\u00e4che, h\u00e4ngen Sie sie auf dem Magnettr\u00e4ger (im Lieferumfang enthalten) oder montieren Sie sie auf einem Stativ, und Sie werden einen gut beleuchteten Arbeitsbereich haben sowie freie H\u00e4nde. Das wieder aufladbare und Wireless-Design bedeutet, dass ein lauter und schwerer Generator nicht erforderlich ist. Bei Bedarf kann das System kontinuierlich verwendet werden, wenn eine externe Stromquelle angeschlossen ist.<\/p>\n<p>&#8211;\u00a0\u00a0\u00a0\u00a0\u00a0\u00a0\u00a0\u00a0\u00a0 Tragbares Design, wieder aufladbar, kabellos<br \/>\n&#8211;\u00a0\u00a0\u00a0\u00a0\u00a0\u00a0\u00a0\u00a0\u00a0 Wasserdicht bis 3 m<br \/>\n&#8211;\u00a0\u00a0\u00a0\u00a0\u00a0\u00a0\u00a0\u00a0\u00a0 Einfache Reinigung<br \/>\n&#8211;\u00a0\u00a0\u00a0\u00a0\u00a0\u00a0\u00a0\u00a0\u00a0 Kopf dreht sich um 45\u00b0 in beide Richtungen<br \/>\n&#8211;\u00a0\u00a0\u00a0\u00a0\u00a0\u00a0\u00a0\u00a0\u00a0 2 Beleuchtungsarten (Lichtbereich, Winkel 120\u00b0 oder Projektor, Winkel 12\u00b0)<br \/>\n&#8211;\u00a0\u00a0\u00a0\u00a0\u00a0\u00a0\u00a0\u00a0\u00a0 3 Betriebsarten (niedrig \u2013 mittel \u2013 hoch)<br \/>\n&#8211;\u00a0\u00a0\u00a0\u00a0\u00a0\u00a0\u00a0\u00a0\u00a0 Li-Ion Akku, in 4 Stunden voll aufgeladen<br \/>\n&#8211;\u00a0\u00a0\u00a0\u00a0\u00a0\u00a0\u00a0\u00a0\u00a0 Indikator f\u00fcr Akkuladung<br \/>\n&#8211;\u00a0\u00a0\u00a0\u00a0\u00a0\u00a0\u00a0\u00a0\u00a0 12V oder 230V<br \/>\n&#8211;\u00a0\u00a0\u00a0\u00a0\u00a0\u00a0\u00a0\u00a0\u00a0 Schlagfest bis 2 m<br \/>\n&#8211;\u00a0\u00a0\u00a0\u00a0\u00a0\u00a0\u00a0\u00a0\u00a0 Brandschutzanforderungen : 260\u00b0 C f\u00fcr 30 Minuten<br \/>\n&#8211;\u00a0\u00a0\u00a0\u00a0\u00a0\u00a0\u00a0\u00a0\u00a0 Kombination aus Nylon 66 mit Glasfaser und 6061-T6 Aluminiumkopf Polycarbonat-Schiebe-Diffusor-Objektiv<br \/>\n&#8211;\u00a0\u00a0\u00a0\u00a0\u00a0\u00a0\u00a0\u00a0\u00a0 Masse : 109 x 135 x H 221 mm<br \/>\n&#8211;\u00a0\u00a0\u00a0\u00a0\u00a0\u00a0\u00a0\u00a0\u00a0 Gewicht : 2 kg<br \/>\n&#8211;\u00a0\u00a0\u00a0\u00a0\u00a0\u00a0\u00a0\u00a0\u00a0 Einschliesslich : Nachladbares Batteriesystem Li-Ionen-Akku (eingebaut), AC-Adapter und Kabel, 12V Kabel, Fernbedienung, Magnethalterung, Nomad Zubeh\u00f6rtasche (<strong>Adapter USA-CH<\/strong> <strong>nicht enthalten<\/strong>)<br \/>\n&#8211;\u00a0\u00a0\u00a0\u00a0\u00a0\u00a0\u00a0\u00a0\u00a0 P\/N : 200-400-102<\/p>\n<p><strong>Technisches Datenblatt ENG<\/strong> : <a href=\"https:\/\/www.poltec.ch\/wp-content\/uploads\/2019\/01\/Nomad-NOW_N32_N56.pdf\">Nomad NOW_N32_N56<\/a><\/p>\n<p><strong>Video<\/strong> :\u00a0<a href=\"https:\/\/www.youtube.com\/watch?v=W_3Vj0Afutw\">https:\/\/www.youtube.com\/watch?v=W_3Vj0Afutw<\/a><\/p>\n","protected":false},"excerpt":{"rendered":"<p>Nomad\u00ae NOW Scene Light: Single Activation Kompaktes Beleuchtungssystem mit Fernbedienung, die bis 3&#8217;000 Lumen bietet mit einer Autonomie bis zu 24 Stunden. Nomad NOW wandelt das Sektor Licht in einem Projektor \u00a0in wenigen Sekunden durch die Schiebelinse. Diese tragbare Lampe kann fast \u00fcberall gehen, sie ist wasserdicht und passt sich an ihre spezifischen Bed\u00fcrfnisse an. [&hellip;]<\/p>\n","protected":false},"featured_media":4424,"comment_status":"closed","ping_status":"closed","template":"","meta":[],"product_brand":[],"product_cat":[309,104],"product_tag":[],"class_list":{"0":"post-4437","1":"product","2":"type-product","3":"status-publish","4":"has-post-thumbnail","6":"product_cat-foxfury-de","7":"product_cat-lampen","9":"first","10":"instock","11":"taxable","12":"shipping-taxable","13":"purchasable","14":"product-type-simple"},"_links":{"self":[{"href":"https:\/\/www.poltec.ch\/de\/wp-json\/wp\/v2\/product\/4437","targetHints":{"allow":["GET"]}}],"collection":[{"href":"https:\/\/www.poltec.ch\/de\/wp-json\/wp\/v2\/product"}],"about":[{"href":"https:\/\/www.poltec.ch\/de\/wp-json\/wp\/v2\/types\/product"}],"replies":[{"embeddable":true,"href":"https:\/\/www.poltec.ch\/de\/wp-json\/wp\/v2\/comments?post=4437"}],"wp:featuredmedia":[{"embeddable":true,"href":"https:\/\/www.poltec.ch\/de\/wp-json\/wp\/v2\/media\/4424"}],"wp:attachment":[{"href":"https:\/\/www.poltec.ch\/de\/wp-json\/wp\/v2\/media?parent=4437"}],"wp:term":[{"taxonomy":"product_brand","embeddable":true,"href":"https:\/\/www.poltec.ch\/de\/wp-json\/wp\/v2\/product_brand?post=4437"},{"taxonomy":"product_cat","embeddable":true,"href":"https:\/\/www.poltec.ch\/de\/wp-json\/wp\/v2\/product_cat?post=4437"},{"taxonomy":"product_tag","embeddable":true,"href":"https:\/\/www.poltec.ch\/de\/wp-json\/wp\/v2\/product_tag?post=4437"}],"curies":[{"name":"wp","href":"https:\/\/api.w.org\/{rel}","templated":true}]}}