{"id":4447,"date":"2017-04-17T13:25:16","date_gmt":"2017-04-17T12:25:16","guid":{"rendered":"https:\/\/www.poltec.ch\/product\/6003-foxfury-breakthrough-bt2-black-right-angle-light-rechargeable\/"},"modified":"2017-04-17T13:29:11","modified_gmt":"2017-04-17T12:29:11","slug":"6003-foxfury-breakthrough-bt2-black-right-angle-light-rechargeable","status":"publish","type":"product","link":"https:\/\/www.poltec.ch\/de\/produit\/6003-foxfury-breakthrough-bt2-black-right-angle-light-rechargeable\/","title":{"rendered":"6003 FoxFury Breakthrough BT2 Black Right Angle Light"},"content":{"rendered":"<p style=\"text-align: center;\"><a href=\"https:\/\/www.poltec.ch\/wp-content\/uploads\/2017\/04\/Logo-Breakthrough.jpg\"><img loading=\"lazy\" decoding=\"async\" class=\"alignnone size-medium wp-image-4438\" src=\"https:\/\/www.poltec.ch\/wp-content\/uploads\/2017\/04\/Logo-Breakthrough-300x100.jpg\" alt=\"\" width=\"300\" height=\"100\" srcset=\"https:\/\/www.poltec.ch\/wp-content\/uploads\/2017\/04\/Logo-Breakthrough-300x100.jpg 300w, https:\/\/www.poltec.ch\/wp-content\/uploads\/2017\/04\/Logo-Breakthrough.jpg 400w\" sizes=\"auto, (max-width: 300px) 100vw, 300px\" \/><\/a><\/p>\n<p><strong>Breakthrough BT2 Black Right Angle Light \u2013 Rechargeable<\/strong><\/p>\n<p>LED-Scheinwerfer im rechten Winkel, kompakt und aufladbar mit einer h\u00f6heren Rauchschnittleistung . Die BT2 verwendet die Technologie FoxFury SMO-KUT, das bis zu 200 Lumen bieten und ein Strahl von 2 Grad emittieren kann, dass die meisten Taschenlampen \u00fcbertreffen. F\u00fcr Beleuchtung von Strassenadressen oder Fern Inspektionen von Personen oder Sachen zu finden, hilft der fokussierte Strahl von BT2 den Benutzer besser zu sehen und schneller zu reagieren.. vor allem in Rauch und Nebel. Diese Lampe kommt mit einem kompletten Refill-Kit, umfassend: eine Dockingstation, eine wieder aufladbare Batterie und Ladeger\u00e4t. Mehrere Docking-Stationen k\u00f6nnen durch Gruppierung angeschlossen werden. Die extra dicken W\u00e4nde vom BT2 bieten erh\u00f6hte Hitzebest\u00e4ndigkeit und Schlagfestigkeit (\u00fcberlebt ein Sturz von 2 Etagen)<\/p>\n<p>&#8211;\u00a0\u00a0\u00a0\u00a0\u00a0\u00a0\u00a0\u00a0\u00a0 Tragbarer Projektor, wieder aufladbar, Kabellos<br \/>\n&#8211;\u00a0\u00a0\u00a0\u00a0\u00a0\u00a0\u00a0\u00a0\u00a0 Wasserdicht bis zu 4 m<br \/>\n&#8211;\u00a0\u00a0\u00a0\u00a0\u00a0\u00a0\u00a0\u00a0\u00a0 Einfache Reinigung<br \/>\n&#8211;\u00a0\u00a0\u00a0\u00a0\u00a0\u00a0\u00a0\u00a0\u00a0 2 Beleuchtungsarten (Taschenlampe im rechten Winkel oder Projektor)<br \/>\n&#8211;\u00a0\u00a0\u00a0\u00a0\u00a0\u00a0\u00a0\u00a0\u00a0 3 Betriebsarten (niedrig &#8211; blinkend &#8211; hoch)<br \/>\n&#8211;\u00a0\u00a0\u00a0\u00a0\u00a0\u00a0\u00a0\u00a0\u00a0 Li-Ion Akku, in 4 Stunden voll aufgeladen oder Betrieb mit 4 AA-Batterien (<strong>nicht im Lieferumfang enthalten<\/strong>)<br \/>\n&#8211;\u00a0\u00a0\u00a0\u00a0\u00a0\u00a0\u00a0\u00a0\u00a0 Schlagfest bis 7 m<br \/>\n&#8211;\u00a0\u00a0\u00a0\u00a0\u00a0\u00a0\u00a0\u00a0\u00a0 Brandschutzanforderungen : 260\u00b0 C f\u00fcr 30 min<br \/>\n&#8211;\u00a0\u00a0\u00a0\u00a0\u00a0\u00a0\u00a0\u00a0\u00a0 Nylon 66 Geh\u00e4use mit Polycarbonat-Fenster<br \/>\n&#8211;\u00a0\u00a0\u00a0\u00a0\u00a0\u00a0\u00a0\u00a0\u00a0 Clip Edelstahl<br \/>\n&#8211;\u00a0\u00a0\u00a0\u00a0\u00a0\u00a0\u00a0\u00a0\u00a0 Masse : 71 x 94 x H 178 mm<br \/>\n&#8211;\u00a0\u00a0\u00a0\u00a0\u00a0\u00a0\u00a0\u00a0\u00a0 Kopfgr\u00f6sse : \u00d8 69 mm<br \/>\n&#8211;\u00a0\u00a0\u00a0\u00a0\u00a0\u00a0\u00a0\u00a0\u00a0 Gewicht: 585 gr<br \/>\n&#8211;\u00a0\u00a0\u00a0\u00a0\u00a0\u00a0\u00a0\u00a0\u00a0 Einschliesslich : BT2 schwarz, Dockingstation , Akku, Ladeger\u00e4t, Batteriehalter AA, D-Ring (<strong>Adapter USA-CH<\/strong> <strong>nicht enthalten<\/strong>)<br \/>\n&#8211;\u00a0\u00a0\u00a0\u00a0\u00a0\u00a0\u00a0\u00a0\u00a0 P\/N : 380-BT2-BLR<\/p>\n<p><strong>Video<\/strong> : <a href=\"https:\/\/www.youtube.com\/watch?v=7l3mk5n0Rm8\">https:\/\/www.youtube.com\/watch?v=7l3mk5n0Rm8<\/a><\/p>\n","protected":false},"excerpt":{"rendered":"<p>Breakthrough BT2 Black Right Angle Light \u2013 Rechargeable LED-Scheinwerfer im rechten Winkel, kompakt und aufladbar mit einer h\u00f6heren Rauchschnittleistung . Die BT2 verwendet die Technologie FoxFury SMO-KUT, das bis zu 200 Lumen bieten und ein Strahl von 2 Grad emittieren kann, dass die meisten Taschenlampen \u00fcbertreffen. F\u00fcr Beleuchtung von Strassenadressen oder Fern Inspektionen von Personen [&hellip;]<\/p>\n","protected":false},"featured_media":4441,"comment_status":"closed","ping_status":"closed","template":"","meta":[],"product_brand":[],"product_cat":[309,104],"product_tag":[],"class_list":{"0":"post-4447","1":"product","2":"type-product","3":"status-publish","4":"has-post-thumbnail","6":"product_cat-foxfury-de","7":"product_cat-lampen","9":"first","10":"instock","11":"taxable","12":"shipping-taxable","13":"purchasable","14":"product-type-simple"},"_links":{"self":[{"href":"https:\/\/www.poltec.ch\/de\/wp-json\/wp\/v2\/product\/4447","targetHints":{"allow":["GET"]}}],"collection":[{"href":"https:\/\/www.poltec.ch\/de\/wp-json\/wp\/v2\/product"}],"about":[{"href":"https:\/\/www.poltec.ch\/de\/wp-json\/wp\/v2\/types\/product"}],"replies":[{"embeddable":true,"href":"https:\/\/www.poltec.ch\/de\/wp-json\/wp\/v2\/comments?post=4447"}],"wp:featuredmedia":[{"embeddable":true,"href":"https:\/\/www.poltec.ch\/de\/wp-json\/wp\/v2\/media\/4441"}],"wp:attachment":[{"href":"https:\/\/www.poltec.ch\/de\/wp-json\/wp\/v2\/media?parent=4447"}],"wp:term":[{"taxonomy":"product_brand","embeddable":true,"href":"https:\/\/www.poltec.ch\/de\/wp-json\/wp\/v2\/product_brand?post=4447"},{"taxonomy":"product_cat","embeddable":true,"href":"https:\/\/www.poltec.ch\/de\/wp-json\/wp\/v2\/product_cat?post=4447"},{"taxonomy":"product_tag","embeddable":true,"href":"https:\/\/www.poltec.ch\/de\/wp-json\/wp\/v2\/product_tag?post=4447"}],"curies":[{"name":"wp","href":"https:\/\/api.w.org\/{rel}","templated":true}]}}