{"id":4510,"date":"2017-04-17T15:02:51","date_gmt":"2017-04-17T14:02:51","guid":{"rendered":"https:\/\/www.poltec.ch\/product\/6009-foxfury-hammerhead-uv-395nm\/"},"modified":"2017-04-17T15:02:51","modified_gmt":"2017-04-17T14:02:51","slug":"6009-foxfury-hammerhead-uv-395nm","status":"publish","type":"product","link":"https:\/\/www.poltec.ch\/de\/produit\/6009-foxfury-hammerhead-uv-395nm\/","title":{"rendered":"6009 Foxfury HammerHead UV 395nm"},"content":{"rendered":"<p style=\"text-align: center;\"><a href=\"https:\/\/www.poltec.ch\/wp-content\/uploads\/2017\/04\/Logo-Hammerhead.jpg\"><img loading=\"lazy\" decoding=\"async\" class=\"alignnone size-medium wp-image-4492\" src=\"https:\/\/www.poltec.ch\/wp-content\/uploads\/2017\/04\/Logo-Hammerhead-300x100.jpg\" alt=\"\" width=\"300\" height=\"100\" srcset=\"https:\/\/www.poltec.ch\/wp-content\/uploads\/2017\/04\/Logo-Hammerhead-300x100.jpg 300w, https:\/\/www.poltec.ch\/wp-content\/uploads\/2017\/04\/Logo-Hammerhead.jpg 400w\" sizes=\"auto, (max-width: 300px) 100vw, 300px\" \/><\/a><\/p>\n<p><span lang=\"EN\"><b>HammerHead UV 395nm Forensic Light Source (FLS)<\/b><\/span><\/p>\n<p>Ultra-leistungsstarke UV LED-Lichtquelle von 395nm f\u00fcr die Forschung in der Forensik bis 3 Meter entfernt. Eine ausbreitete Linse stellt eine Verteilung von weichem Licht ohne Schatten. Sie ist mit zwei Intensit\u00e4ten (niedrig und hoch) konfiguriert. Dieses ultraviolette Licht wird mit einer Genauigkeit von \u00b1 5 nm, sie hat eine rechteckige Kopfrolle und kann unter Wasser eingesetzt werden. Sie funktioniert auf drei CR123 Lithium-Batterien.<\/p>\n<p><strong>Identifizierte Beweise: <\/strong>Serologische \/ K\u00f6rperfl\u00fcssigkeiten (einschliesslich Urin und Samen), Beschleuniger (\u00d6l, Gas, Terpentin), Bisse, Prellungen und Spuren von Beweisen (Haare und Fasern)<\/p>\n<p>Zu verwenden mit orange oder gelber Filterbrille.<\/p>\n<p>&#8211; Wasserdicht bis 3 m<br \/>\n&#8211; Einfache Reinigung<br \/>\n&#8211; 2 Betriebsarten (niedrige 30% &#8211; hoch 100%)<br \/>\n&#8211; Schlagfest bis zu 2 m<br \/>\n&#8211; Brandschutzanforderungen : 260 \u00b0 C f\u00fcr 30 Minuten<br \/>\n&#8211; Aluminium 6061-T6 hart eloxiertes Geh\u00e4use<br \/>\n&#8211; Masse: L\u00e4nge 168 mm, Handgriff\u00a0 \u00d8 28 mm, Kopf 56 x 38 mm<br \/>\n&#8211; Gewicht: 245g<br \/>\n&#8211; 3 CR123-Batterien (<strong>nicht im Lieferumfang enthalten<\/strong> &#8211; Art. 1740)<br \/>\n&#8211; Gelbe Brille im Lieferumfang enthalten<br \/>\n&#8211; P\/N : 930-311<\/p>\n<p><a href=\"https:\/\/www.poltec.ch\/wp-content\/uploads\/2017\/04\/Wellenl\u00e4nge.png\"><img loading=\"lazy\" decoding=\"async\" class=\"alignnone size-medium wp-image-4500\" src=\"https:\/\/www.poltec.ch\/wp-content\/uploads\/2017\/04\/Wellenl\u00e4nge-300x176.png\" alt=\"\" width=\"300\" height=\"176\" srcset=\"https:\/\/www.poltec.ch\/wp-content\/uploads\/2017\/04\/Wellenl\u00e4nge-300x176.png 300w, https:\/\/www.poltec.ch\/wp-content\/uploads\/2017\/04\/Wellenl\u00e4nge.png 385w\" sizes=\"auto, (max-width: 300px) 100vw, 300px\" \/><\/a><\/p>\n<p><strong>Technisches Datenblatt ENG<\/strong> : <a href=\"https:\/\/www.poltec.ch\/wp-content\/uploads\/2017\/04\/HammerHead.pdf\">HammerHead<\/a><\/p>\n<p><b>Welche Brille brauchen Sie<\/b> <strong>?<\/strong> <a href=\"https:\/\/www.poltec.ch\/wp-content\/uploads\/2017\/04\/Lunettes-Brille.pdf\">Lunettes &#8211; Brille<\/a><\/p>\n","protected":false},"excerpt":{"rendered":"<p>HammerHead UV 395nm Forensic Light Source (FLS) Ultra-leistungsstarke UV LED-Lichtquelle von 395nm f\u00fcr die Forschung in der Forensik bis 3 Meter entfernt. Eine ausbreitete Linse stellt eine Verteilung von weichem Licht ohne Schatten. Sie ist mit zwei Intensit\u00e4ten (niedrig und hoch) konfiguriert. Dieses ultraviolette Licht wird mit einer Genauigkeit von \u00b1 5 nm, sie hat [&hellip;]<\/p>\n","protected":false},"featured_media":4508,"comment_status":"closed","ping_status":"closed","template":"","meta":[],"product_brand":[],"product_cat":[309,232,104],"product_tag":[],"class_list":{"0":"post-4510","1":"product","2":"type-product","3":"status-publish","4":"has-post-thumbnail","6":"product_cat-foxfury-de","7":"product_cat-laborbedarf","8":"product_cat-lampen","10":"first","11":"instock","12":"taxable","13":"shipping-taxable","14":"purchasable","15":"product-type-simple"},"_links":{"self":[{"href":"https:\/\/www.poltec.ch\/de\/wp-json\/wp\/v2\/product\/4510","targetHints":{"allow":["GET"]}}],"collection":[{"href":"https:\/\/www.poltec.ch\/de\/wp-json\/wp\/v2\/product"}],"about":[{"href":"https:\/\/www.poltec.ch\/de\/wp-json\/wp\/v2\/types\/product"}],"replies":[{"embeddable":true,"href":"https:\/\/www.poltec.ch\/de\/wp-json\/wp\/v2\/comments?post=4510"}],"wp:featuredmedia":[{"embeddable":true,"href":"https:\/\/www.poltec.ch\/de\/wp-json\/wp\/v2\/media\/4508"}],"wp:attachment":[{"href":"https:\/\/www.poltec.ch\/de\/wp-json\/wp\/v2\/media?parent=4510"}],"wp:term":[{"taxonomy":"product_brand","embeddable":true,"href":"https:\/\/www.poltec.ch\/de\/wp-json\/wp\/v2\/product_brand?post=4510"},{"taxonomy":"product_cat","embeddable":true,"href":"https:\/\/www.poltec.ch\/de\/wp-json\/wp\/v2\/product_cat?post=4510"},{"taxonomy":"product_tag","embeddable":true,"href":"https:\/\/www.poltec.ch\/de\/wp-json\/wp\/v2\/product_tag?post=4510"}],"curies":[{"name":"wp","href":"https:\/\/api.w.org\/{rel}","templated":true}]}}