{"id":4514,"date":"2017-04-17T15:14:15","date_gmt":"2017-04-17T14:14:15","guid":{"rendered":"https:\/\/www.poltec.ch\/product\/6010-foxfury-hammerhead-blue-450nm\/"},"modified":"2017-04-17T15:26:10","modified_gmt":"2017-04-17T14:26:10","slug":"6010-foxfury-hammerhead-blue-450nm","status":"publish","type":"product","link":"https:\/\/www.poltec.ch\/de\/produit\/6010-foxfury-hammerhead-blue-450nm\/","title":{"rendered":"6010 FoxFury HammerHead Blue 450nm"},"content":{"rendered":"<p style=\"text-align: center;\"><a href=\"https:\/\/www.poltec.ch\/wp-content\/uploads\/2017\/04\/Logo-Hammerhead.jpg\"><img loading=\"lazy\" decoding=\"async\" class=\"alignnone size-medium wp-image-4492\" src=\"https:\/\/www.poltec.ch\/wp-content\/uploads\/2017\/04\/Logo-Hammerhead-300x100.jpg\" alt=\"\" width=\"300\" height=\"100\" srcset=\"https:\/\/www.poltec.ch\/wp-content\/uploads\/2017\/04\/Logo-Hammerhead-300x100.jpg 300w, https:\/\/www.poltec.ch\/wp-content\/uploads\/2017\/04\/Logo-Hammerhead.jpg 400w\" sizes=\"auto, (max-width: 300px) 100vw, 300px\" \/><\/a><\/p>\n<p><span lang=\"EN\"><b>HammerHead Blue 450nm Forensic Light Source (FLS)<\/b><\/span><\/p>\n<p>Tragbare LED-Lichtquelle von mittlerer Gr\u00f6sse von 450 nm f\u00fcr die Forschung in der Forensik bis 3 Meter entfernt. Eine ausbreitete Linse stellt eine Verteilung von weichem Licht ohne Schatten. Sie ist mit zwei Intensit\u00e4ten (niedrig und hoch) konfiguriert. Dieses blaue Licht wird mit einer Genauigkeit von \u00b1 5 nm, sie hat eine rechteckige Kopfrolle und kann unter Wasser eingesetzt werden. Sie funktioniert auf drei CR123 Lithium-Batterien.<\/p>\n<p><strong>Identifizierte Beweise:<\/strong><\/p>\n<p>Spuren Beweis (Haare, Fasern, usw.), Schuss R\u00fcckstand, biologische Fl\u00fcssigkeiten, einschlie\u00dflich Blut mit Fluorescein behandelt<\/p>\n<p>Haupts\u00e4chlich zu verwenden mit orange Filterbrille.<\/p>\n<p>\u2013 Wasserdicht bis 3 m<br \/>\n\u2013 Einfache Reinigung<br \/>\n\u2013 2 Betriebsarten (niedrige 30% \u2013 hoch 100%)<br \/>\n\u2013 Schlagfest bis zu 2 m<br \/>\n\u2013 Brandschutzanforderungen : 260 \u00b0 C f\u00fcr 30 Minuten<br \/>\n\u2013 Aluminium 6061-T6 hart eloxiertes Geh\u00e4use<br \/>\n\u2013 Masse: L\u00e4nge 168 mm, Handgriff\u00a0 \u00d8 28 mm, Kopf 56 x 38 mm<br \/>\n\u2013 Gewicht: 245g<br \/>\n\u2013 3 CR123-Batterien (<strong>nicht im Lieferumfang enthalten<\/strong> \u2013 Art. 1740)<br \/>\n\u2013\u00a0Orange Brille im Lieferumfang enthalten<br \/>\n\u2013 P\/N : 930-332<\/p>\n<p><a href=\"https:\/\/www.poltec.ch\/wp-content\/uploads\/2017\/04\/Wellenl\u00e4nge.png\"><img loading=\"lazy\" decoding=\"async\" class=\"alignnone size-medium wp-image-4500\" src=\"https:\/\/www.poltec.ch\/wp-content\/uploads\/2017\/04\/Wellenl\u00e4nge-300x176.png\" alt=\"\" width=\"300\" height=\"176\" srcset=\"https:\/\/www.poltec.ch\/wp-content\/uploads\/2017\/04\/Wellenl\u00e4nge-300x176.png 300w, https:\/\/www.poltec.ch\/wp-content\/uploads\/2017\/04\/Wellenl\u00e4nge.png 385w\" sizes=\"auto, (max-width: 300px) 100vw, 300px\" \/><\/a><\/p>\n<p><strong>Technisches Datenblatt ENG<\/strong> : <a href=\"https:\/\/www.poltec.ch\/wp-content\/uploads\/2017\/04\/HammerHead.pdf\">HammerHead<\/a><\/p>\n<p><strong>Welche Brille brauchen Sie ?<\/strong> : <a href=\"https:\/\/www.poltec.ch\/wp-content\/uploads\/2017\/04\/Lunettes-Brille.pdf\">Lunettes &#8211; Brille<\/a><\/p>\n","protected":false},"excerpt":{"rendered":"<p>HammerHead Blue 450nm Forensic Light Source (FLS) Tragbare LED-Lichtquelle von mittlerer Gr\u00f6sse von 450 nm f\u00fcr die Forschung in der Forensik bis 3 Meter entfernt. Eine ausbreitete Linse stellt eine Verteilung von weichem Licht ohne Schatten. Sie ist mit zwei Intensit\u00e4ten (niedrig und hoch) konfiguriert. Dieses blaue Licht wird mit einer Genauigkeit von \u00b1 5 [&hellip;]<\/p>\n","protected":false},"featured_media":4512,"comment_status":"closed","ping_status":"closed","template":"","meta":[],"product_brand":[],"product_cat":[309,232,104],"product_tag":[],"class_list":{"0":"post-4514","1":"product","2":"type-product","3":"status-publish","4":"has-post-thumbnail","6":"product_cat-foxfury-de","7":"product_cat-laborbedarf","8":"product_cat-lampen","10":"first","11":"instock","12":"taxable","13":"shipping-taxable","14":"purchasable","15":"product-type-simple"},"_links":{"self":[{"href":"https:\/\/www.poltec.ch\/de\/wp-json\/wp\/v2\/product\/4514","targetHints":{"allow":["GET"]}}],"collection":[{"href":"https:\/\/www.poltec.ch\/de\/wp-json\/wp\/v2\/product"}],"about":[{"href":"https:\/\/www.poltec.ch\/de\/wp-json\/wp\/v2\/types\/product"}],"replies":[{"embeddable":true,"href":"https:\/\/www.poltec.ch\/de\/wp-json\/wp\/v2\/comments?post=4514"}],"wp:featuredmedia":[{"embeddable":true,"href":"https:\/\/www.poltec.ch\/de\/wp-json\/wp\/v2\/media\/4512"}],"wp:attachment":[{"href":"https:\/\/www.poltec.ch\/de\/wp-json\/wp\/v2\/media?parent=4514"}],"wp:term":[{"taxonomy":"product_brand","embeddable":true,"href":"https:\/\/www.poltec.ch\/de\/wp-json\/wp\/v2\/product_brand?post=4514"},{"taxonomy":"product_cat","embeddable":true,"href":"https:\/\/www.poltec.ch\/de\/wp-json\/wp\/v2\/product_cat?post=4514"},{"taxonomy":"product_tag","embeddable":true,"href":"https:\/\/www.poltec.ch\/de\/wp-json\/wp\/v2\/product_tag?post=4514"}],"curies":[{"name":"wp","href":"https:\/\/api.w.org\/{rel}","templated":true}]}}