{"id":4682,"date":"2017-10-17T08:35:58","date_gmt":"2017-10-17T07:35:58","guid":{"rendered":"https:\/\/www.poltec.ch\/product\/3024-3025-wet-powder-250-ml\/"},"modified":"2017-10-17T08:35:58","modified_gmt":"2017-10-17T07:35:58","slug":"3024-3025-wet-powder-250-ml","status":"publish","type":"product","link":"https:\/\/www.poltec.ch\/de\/produit\/3024-3025-wet-powder-250-ml\/","title":{"rendered":"3024 &#8211; 3025 Wet Powder, 250 ml"},"content":{"rendered":"<p>Wet Powder, 250 ml, erh\u00e4ltlich in Weiss (3024) und in Schwarz (3025)<\/p>\n<p>Das Wet Powder wird verwendet, um den &#8220;klebrigen&#8221; Teil von Klebstoffen und Etiketten zu behandeln, um Fingerabdr\u00fccke sichtbar zu machen.<\/p>\n<p>Es kann auf folgenden Oberfl\u00e4chen verwendet werden:<\/p>\n<p>\u2022 Klebeband<br \/>\n\u2022 Etikettenunterst\u00fctzungspapier<br \/>\n\u2022 Kunststoffband<br \/>\n\u2022 Verpackungsetikett<br \/>\n\u2022 Doppelseitiger Klebstoff<br \/>\n\u2022 Verst\u00e4rkter Klebstoff<br \/>\n\u2022 Chirurgisches Gewebeband<br \/>\n\u2022 Gl\u00e4nzender Kleber<br \/>\n\u2022 Elektrisches schwarzes Farbband<\/p>\n<p>Das schwarze Wet Powder wurde entwickelt, um die Klebefl\u00e4chen der meisten Farben zu behandeln. Die L\u00f6sung &#8220;f\u00e4rbt&#8221; die auf der Oberfl\u00e4che des Klebstoffs abgelagerten Abdruckreste. Es kann den Hintergrund ein wenig beflecken.<\/p>\n<p>Das weisse Wet Powder wurde entwickelt, um schwarze und transparente Klebefl\u00e4chen zu behandeln. Die L\u00f6sung &#8220;f\u00e4rbt&#8221; die auf der Oberfl\u00e4che des Klebstoffs abgelagerten Abdruckreste.<\/p>\n<p>In manchen F\u00e4llen k\u00f6nnen die beiden L\u00f6sungen schwarz und weiss nacheinander verwendet werden, um einen Kontrast f\u00fcr eine bessere Darstellung des Fingerabdrucks zu erhalten.<\/p>\n","protected":false},"excerpt":{"rendered":"<p>Wet Powder, 250 ml, erh\u00e4ltlich in Weiss (3024) und in Schwarz (3025) Das Wet Powder wird verwendet, um den &#8220;klebrigen&#8221; Teil von Klebstoffen und Etiketten zu behandeln, um Fingerabdr\u00fccke sichtbar zu machen. Es kann auf folgenden Oberfl\u00e4chen verwendet werden: \u2022 Klebeband \u2022 Etikettenunterst\u00fctzungspapier \u2022 Kunststoffband \u2022 Verpackungsetikett \u2022 Doppelseitiger Klebstoff \u2022 Verst\u00e4rkter Klebstoff \u2022 Chirurgisches [&hellip;]<\/p>\n","protected":false},"featured_media":4676,"comment_status":"closed","ping_status":"closed","template":"","meta":[],"product_brand":[],"product_cat":[262,97,98],"product_tag":[],"class_list":{"0":"post-4682","1":"product","2":"type-product","3":"status-publish","4":"has-post-thumbnail","6":"product_cat-klebflachen","7":"product_cat-pulver","8":"product_cat-unmagnetische-magnetpulver","10":"first","11":"instock","12":"taxable","13":"shipping-taxable","14":"purchasable","15":"product-type-variable"},"_links":{"self":[{"href":"https:\/\/www.poltec.ch\/de\/wp-json\/wp\/v2\/product\/4682","targetHints":{"allow":["GET"]}}],"collection":[{"href":"https:\/\/www.poltec.ch\/de\/wp-json\/wp\/v2\/product"}],"about":[{"href":"https:\/\/www.poltec.ch\/de\/wp-json\/wp\/v2\/types\/product"}],"replies":[{"embeddable":true,"href":"https:\/\/www.poltec.ch\/de\/wp-json\/wp\/v2\/comments?post=4682"}],"wp:featuredmedia":[{"embeddable":true,"href":"https:\/\/www.poltec.ch\/de\/wp-json\/wp\/v2\/media\/4676"}],"wp:attachment":[{"href":"https:\/\/www.poltec.ch\/de\/wp-json\/wp\/v2\/media?parent=4682"}],"wp:term":[{"taxonomy":"product_brand","embeddable":true,"href":"https:\/\/www.poltec.ch\/de\/wp-json\/wp\/v2\/product_brand?post=4682"},{"taxonomy":"product_cat","embeddable":true,"href":"https:\/\/www.poltec.ch\/de\/wp-json\/wp\/v2\/product_cat?post=4682"},{"taxonomy":"product_tag","embeddable":true,"href":"https:\/\/www.poltec.ch\/de\/wp-json\/wp\/v2\/product_tag?post=4682"}],"curies":[{"name":"wp","href":"https:\/\/api.w.org\/{rel}","templated":true}]}}