{"id":5073,"date":"2019-01-14T08:38:57","date_gmt":"2019-01-14T07:38:59","guid":{"rendered":"https:\/\/www.poltec.ch\/?post_type=product&#038;p=5073"},"modified":"2019-01-14T08:44:29","modified_gmt":"2019-01-14T07:44:29","slug":"3352-3353-3m-442-uberziehschuhe-typ-5-6-weiss-50-oder-150-paar-copie","status":"publish","type":"product","link":"https:\/\/www.poltec.ch\/de\/produit\/3352-3353-3m-442-uberziehschuhe-typ-5-6-weiss-50-oder-150-paar-copie\/","title":{"rendered":"3352-3353 3M 442 \u00dcberziehschuhe Typ 5\/6, weiss, 50 oder 150 Paar"},"content":{"rendered":"<p>3M 442 \u00dcberziehschuhe mit Elastikbund am Kn\u00f6chel, aus fusselarmem, beschichtetem mikropor\u00f6sen Material mit antistatischer Behandlung, 390 mm lang, Kat. 3 (Typ 5\/6), weiss<\/p>\n<p>Sch\u00fctzt vor gef\u00e4hrlichem Staub (Typ 5) und leichten Fl\u00fcssigkeitsspritzern (Typ 6) und radioaktiven Partikeln<\/p>\n<p style=\"text-align: right;\"><a href=\"https:\/\/www.poltec.ch\/wp-content\/uploads\/2016\/05\/4520.png\"><img loading=\"lazy\" decoding=\"async\" class=\"alignnone size-medium wp-image-2653\" src=\"https:\/\/www.poltec.ch\/wp-content\/uploads\/2016\/05\/4520-300x114.png\" alt=\"4520\" width=\"300\" height=\"114\" srcset=\"https:\/\/www.poltec.ch\/wp-content\/uploads\/2016\/05\/4520-300x114.png 300w, https:\/\/www.poltec.ch\/wp-content\/uploads\/2016\/05\/4520.png 367w\" sizes=\"auto, (max-width: 300px) 100vw, 300px\" \/><\/a><\/p>\n<p style=\"text-align: left;\">Erh\u00e4ltlich in 50 oder 150 Paar<\/p>\n<p style=\"text-align: left;\">3352 :\u00a0\u00a0 50 Paar<\/p>\n<p style=\"text-align: left;\">3353 : 150 Paar<\/p>\n","protected":false},"excerpt":{"rendered":"<p>3M 442 \u00dcberziehschuhe mit Elastikbund am Kn\u00f6chel, aus fusselarmem, beschichtetem mikropor\u00f6sen Material mit antistatischer Behandlung, 390 mm lang, Kat. 3 (Typ 5\/6), weiss Sch\u00fctzt vor gef\u00e4hrlichem Staub (Typ 5) und leichten Fl\u00fcssigkeitsspritzern (Typ 6) und radioaktiven Partikeln Erh\u00e4ltlich in 50 oder 150 Paar 3352 :\u00a0\u00a0 50 Paar 3353 : 150 Paar<\/p>\n","protected":false},"featured_media":2642,"comment_status":"closed","ping_status":"closed","template":"","meta":[],"product_brand":[],"product_cat":[183,205],"product_tag":[],"class_list":{"0":"post-5073","1":"product","2":"type-product","3":"status-publish","4":"has-post-thumbnail","6":"product_cat-schutzbekleidung","7":"product_cat-ueberschuhe","9":"first","10":"instock","11":"taxable","12":"shipping-taxable","13":"purchasable","14":"product-type-variable"},"_links":{"self":[{"href":"https:\/\/www.poltec.ch\/de\/wp-json\/wp\/v2\/product\/5073","targetHints":{"allow":["GET"]}}],"collection":[{"href":"https:\/\/www.poltec.ch\/de\/wp-json\/wp\/v2\/product"}],"about":[{"href":"https:\/\/www.poltec.ch\/de\/wp-json\/wp\/v2\/types\/product"}],"replies":[{"embeddable":true,"href":"https:\/\/www.poltec.ch\/de\/wp-json\/wp\/v2\/comments?post=5073"}],"wp:featuredmedia":[{"embeddable":true,"href":"https:\/\/www.poltec.ch\/de\/wp-json\/wp\/v2\/media\/2642"}],"wp:attachment":[{"href":"https:\/\/www.poltec.ch\/de\/wp-json\/wp\/v2\/media?parent=5073"}],"wp:term":[{"taxonomy":"product_brand","embeddable":true,"href":"https:\/\/www.poltec.ch\/de\/wp-json\/wp\/v2\/product_brand?post=5073"},{"taxonomy":"product_cat","embeddable":true,"href":"https:\/\/www.poltec.ch\/de\/wp-json\/wp\/v2\/product_cat?post=5073"},{"taxonomy":"product_tag","embeddable":true,"href":"https:\/\/www.poltec.ch\/de\/wp-json\/wp\/v2\/product_tag?post=5073"}],"curies":[{"name":"wp","href":"https:\/\/api.w.org\/{rel}","templated":true}]}}