{"id":5197,"date":"2019-01-15T17:22:30","date_gmt":"2019-01-15T16:22:32","guid":{"rendered":"https:\/\/www.poltec.ch\/?post_type=product&#038;p=5197"},"modified":"2019-01-15T17:26:43","modified_gmt":"2019-01-15T16:26:43","slug":"1840-1842-schutzhulse-waffenbehalter-copie","status":"publish","type":"product","link":"https:\/\/www.poltec.ch\/de\/produit\/1840-1842-schutzhulse-waffenbehalter-copie\/","title":{"rendered":"1840-1842 Schutzh\u00fclse (Waffenbeh\u00e4lter)"},"content":{"rendered":"<p><span style=\"color: #000000;\"><span lang=\"DE\">Schutzh\u00fclse (Waffe<span tabindex=\"-1\" contenteditable=\"false\">nbeh\u00e4lter)<\/span><\/span> <span lang=\"DE\" style=\"margin: 0px; color: black; font-family: 'Times New Roman',serif; font-size: 12pt;\">mit stufenloser Teleskop-Rastermechanik-L\u00e4ngenverstellung<\/span><span lang=\"DE\" style=\"margin: 0px; color: black; font-family: 'Times New Roman',serif; font-size: 12pt;\">, stabil, feuchtigkeits- und \u00f6lresistent, rationelles Verpacken, gut lager- und stapelbar, wiederverschliessbar und mehrfach verwendbar, Polypropylen (PP) transparent<\/span><\/span><\/p>\n<p><span lang=\"DE\" style=\"margin: 0px; color: black; font-family: 'Times New Roman',serif; font-size: 12pt;\">Erh\u00e4ltlich in 3 Gr\u00f6ssen:<\/span><\/p>\n<p><span style=\"color: #000000;\">1840 : 35 x 35 mm &#8211; L\u00e4nge 120 bis 200 mm &#8211; S<\/span><br \/>\n<span style=\"color: #000000;\"> 1841 : 45 x 45 mm &#8211; L\u00e4nge 200 bis 350 mm &#8211; M<\/span><br \/>\n<span style=\"color: #000000;\"> 1842 : 55 x 55 mm &#8211; L\u00e4nge 200 bis 350 mm &#8211; L<\/span><\/p>\n<p>&nbsp;<\/p>\n","protected":false},"excerpt":{"rendered":"<p>Schutzh\u00fclse (Waffenbeh\u00e4lter) mit stufenloser Teleskop-Rastermechanik-L\u00e4ngenverstellung, stabil, feuchtigkeits- und \u00f6lresistent, rationelles Verpacken, gut lager- und stapelbar, wiederverschliessbar und mehrfach verwendbar, Polypropylen (PP) transparent Erh\u00e4ltlich in 3 Gr\u00f6ssen: 1840 : 35 x 35 mm &#8211; L\u00e4nge 120 bis 200 mm &#8211; S 1841 : 45 x 45 mm &#8211; L\u00e4nge 200 bis 350 mm &#8211; M 1842 [&hellip;]<\/p>\n","protected":false},"featured_media":4632,"comment_status":"closed","ping_status":"closed","template":"","meta":[],"product_brand":[],"product_cat":[102],"product_tag":[],"class_list":{"0":"post-5197","1":"product","2":"type-product","3":"status-publish","4":"has-post-thumbnail","6":"product_cat-behaeltnisse","8":"first","9":"instock","10":"taxable","11":"shipping-taxable","12":"purchasable","13":"product-type-variable"},"_links":{"self":[{"href":"https:\/\/www.poltec.ch\/de\/wp-json\/wp\/v2\/product\/5197","targetHints":{"allow":["GET"]}}],"collection":[{"href":"https:\/\/www.poltec.ch\/de\/wp-json\/wp\/v2\/product"}],"about":[{"href":"https:\/\/www.poltec.ch\/de\/wp-json\/wp\/v2\/types\/product"}],"replies":[{"embeddable":true,"href":"https:\/\/www.poltec.ch\/de\/wp-json\/wp\/v2\/comments?post=5197"}],"wp:featuredmedia":[{"embeddable":true,"href":"https:\/\/www.poltec.ch\/de\/wp-json\/wp\/v2\/media\/4632"}],"wp:attachment":[{"href":"https:\/\/www.poltec.ch\/de\/wp-json\/wp\/v2\/media?parent=5197"}],"wp:term":[{"taxonomy":"product_brand","embeddable":true,"href":"https:\/\/www.poltec.ch\/de\/wp-json\/wp\/v2\/product_brand?post=5197"},{"taxonomy":"product_cat","embeddable":true,"href":"https:\/\/www.poltec.ch\/de\/wp-json\/wp\/v2\/product_cat?post=5197"},{"taxonomy":"product_tag","embeddable":true,"href":"https:\/\/www.poltec.ch\/de\/wp-json\/wp\/v2\/product_tag?post=5197"}],"curies":[{"name":"wp","href":"https:\/\/api.w.org\/{rel}","templated":true}]}}