{"id":5939,"date":"2023-02-05T09:44:13","date_gmt":"2023-02-05T08:44:14","guid":{"rendered":"https:\/\/www.poltec.ch\/?post_type=product&#038;p=5939"},"modified":"2023-02-05T09:45:46","modified_gmt":"2023-02-05T08:45:46","slug":"2173-2175-gelatinefolie-bvda-schuhabdruck-13-x-36-cm-2-stuck-copie","status":"publish","type":"product","link":"https:\/\/www.poltec.ch\/de\/produit\/2173-2175-gelatinefolie-bvda-schuhabdruck-13-x-36-cm-2-stuck-copie\/","title":{"rendered":"2173-2175 Gelatinefolie BVDA Schuhabdruck, 13 x 36 cm, 2 St\u00fcck"},"content":{"rendered":"<p><span style=\"font-family: Times New Roman;\">Gelatinefolie BVDA Schuhabdruck, 13 x 36 cm, in Aluverbundfolie eingeschweisst, 2 St\u00fcck<\/span><\/p>\n<p><span style=\"font-family: Times New Roman;\">\u00a0<\/span><span style=\"font-family: Times New Roman;\">Erh\u00e4ltlich in :<\/span><\/p>\n<p><span style=\"font-family: Times New Roman;\">Weiss <\/span><span style=\"font-family: Times New Roman;\">\u00a0\u00a0\u00a0\u00a0\u00a0\u00a0\u00a0\u00a0\u00a0<\/span><span style=\"font-family: Times New Roman;\">: 2174<\/span><br \/>\n<span style=\"font-family: Times New Roman;\">Schwarz<\/span><span style=\"font-family: Times New Roman;\">\u00a0\u00a0\u00a0\u00a0 <\/span><span style=\"font-family: Times New Roman;\">\u00a0<\/span><span style=\"font-family: Times New Roman;\">: 2175<\/span><br \/>\n<span style=\"font-family: Times New Roman;\">Transparent : 2173<\/span><\/p>\n<p><span><span style=\"color: #000000; font-family: Times New Roman;\">\u00a0<\/span><\/span><\/p>\n<p><span style=\"font-family: Times New Roman;\">Bestehend aus einer Tr\u00e4gerschicht, einer Gelatineschicht und einer Schutzfolie; <\/span><br \/>\n<span style=\"font-family: Times New Roman;\">schwarze und wei\u00dfe BVDA-Folien sind auf einem gummierten Gewebe aufgebracht, <\/span><br \/>\n<span style=\"font-family: Times New Roman;\">transparente Positiv-Folien dagegen auf einem transparenten Polyester-Tr\u00e4germaterial<\/span> <span style=\"font-family: Times New Roman;\">zur Aufnahme und Sicherung von Finger-, Handschuh-,Schuh-, Fu\u00df oder Reifenspuren sowie von Staubabdr\u00fccken und Mikrospuren.<\/span><\/p>\n<p>Ist ideal f\u00fcr Abnahme von Finger- oder Schuhabdr\u00fccken <span style=\"font-family: Times New Roman;\">auf unebenen oder gekr\u00fcmmten Oberfl\u00e4chen (zB Gl\u00fchbirne, T\u00fcrgriff &#8230;).<\/span><\/p>\n","protected":false},"excerpt":{"rendered":"<p>Gelatinefolie BVDA Schuhabdruck, 13 x 36 cm, in Aluverbundfolie eingeschweisst, 2 St\u00fcck \u00a0Erh\u00e4ltlich in : Weiss \u00a0\u00a0\u00a0\u00a0\u00a0\u00a0\u00a0\u00a0\u00a0: 2174 Schwarz\u00a0\u00a0\u00a0\u00a0 \u00a0: 2175 Transparent : 2173 \u00a0 Bestehend aus einer Tr\u00e4gerschicht, einer Gelatineschicht und einer Schutzfolie; schwarze und wei\u00dfe BVDA-Folien sind auf einem gummierten Gewebe aufgebracht, transparente Positiv-Folien dagegen auf einem transparenten Polyester-Tr\u00e4germaterial zur Aufnahme und Sicherung [&hellip;]<\/p>\n","protected":false},"featured_media":3946,"comment_status":"closed","ping_status":"closed","template":"","meta":[],"product_brand":[],"product_cat":[101,278,219],"product_tag":[],"class_list":{"0":"post-5939","1":"product","2":"type-product","3":"status-publish","4":"has-post-thumbnail","6":"product_cat-daktyloscopie","7":"product_cat-fingerabdruckfolie","8":"product_cat-schuhspuren","10":"first","11":"instock","12":"taxable","13":"shipping-taxable","14":"purchasable","15":"product-type-variable"},"_links":{"self":[{"href":"https:\/\/www.poltec.ch\/de\/wp-json\/wp\/v2\/product\/5939","targetHints":{"allow":["GET"]}}],"collection":[{"href":"https:\/\/www.poltec.ch\/de\/wp-json\/wp\/v2\/product"}],"about":[{"href":"https:\/\/www.poltec.ch\/de\/wp-json\/wp\/v2\/types\/product"}],"replies":[{"embeddable":true,"href":"https:\/\/www.poltec.ch\/de\/wp-json\/wp\/v2\/comments?post=5939"}],"wp:featuredmedia":[{"embeddable":true,"href":"https:\/\/www.poltec.ch\/de\/wp-json\/wp\/v2\/media\/3946"}],"wp:attachment":[{"href":"https:\/\/www.poltec.ch\/de\/wp-json\/wp\/v2\/media?parent=5939"}],"wp:term":[{"taxonomy":"product_brand","embeddable":true,"href":"https:\/\/www.poltec.ch\/de\/wp-json\/wp\/v2\/product_brand?post=5939"},{"taxonomy":"product_cat","embeddable":true,"href":"https:\/\/www.poltec.ch\/de\/wp-json\/wp\/v2\/product_cat?post=5939"},{"taxonomy":"product_tag","embeddable":true,"href":"https:\/\/www.poltec.ch\/de\/wp-json\/wp\/v2\/product_tag?post=5939"}],"curies":[{"name":"wp","href":"https:\/\/api.w.org\/{rel}","templated":true}]}}