{"id":5966,"date":"2023-02-14T18:50:15","date_gmt":"2023-02-14T17:50:16","guid":{"rendered":"https:\/\/www.poltec.ch\/?post_type=product&#038;p=5966"},"modified":"2023-02-14T18:51:47","modified_gmt":"2023-02-14T17:51:47","slug":"1581-uv-pulver-greenescent-grun-60-oder-473-ml-copie","status":"publish","type":"product","link":"https:\/\/www.poltec.ch\/de\/produit\/1581-uv-pulver-greenescent-grun-60-oder-473-ml-copie\/","title":{"rendered":"1581 UV-Pulver GREENescent gr\u00fcn, 60 oder 473 ml"},"content":{"rendered":"<p>UV-Pulver GREENescent gr\u00fcn, erh\u00e4ltlich in 60 oder 473 ml<\/p>\n<p>\u00a0<\/p>\n","protected":false},"excerpt":{"rendered":"<p>UV-Pulver GREENescent gr\u00fcn, erh\u00e4ltlich in 60 oder 473 ml<\/p>\n","protected":false},"featured_media":3251,"comment_status":"closed","ping_status":"closed","template":"","meta":[],"product_brand":[],"product_cat":[97,140],"product_tag":[],"class_list":{"0":"post-5966","1":"product","2":"type-product","3":"status-publish","4":"has-post-thumbnail","6":"product_cat-pulver","7":"product_cat-uv-pulver","9":"first","10":"instock","11":"taxable","12":"shipping-taxable","13":"purchasable","14":"product-type-variable"},"_links":{"self":[{"href":"https:\/\/www.poltec.ch\/de\/wp-json\/wp\/v2\/product\/5966","targetHints":{"allow":["GET"]}}],"collection":[{"href":"https:\/\/www.poltec.ch\/de\/wp-json\/wp\/v2\/product"}],"about":[{"href":"https:\/\/www.poltec.ch\/de\/wp-json\/wp\/v2\/types\/product"}],"replies":[{"embeddable":true,"href":"https:\/\/www.poltec.ch\/de\/wp-json\/wp\/v2\/comments?post=5966"}],"wp:featuredmedia":[{"embeddable":true,"href":"https:\/\/www.poltec.ch\/de\/wp-json\/wp\/v2\/media\/3251"}],"wp:attachment":[{"href":"https:\/\/www.poltec.ch\/de\/wp-json\/wp\/v2\/media?parent=5966"}],"wp:term":[{"taxonomy":"product_brand","embeddable":true,"href":"https:\/\/www.poltec.ch\/de\/wp-json\/wp\/v2\/product_brand?post=5966"},{"taxonomy":"product_cat","embeddable":true,"href":"https:\/\/www.poltec.ch\/de\/wp-json\/wp\/v2\/product_cat?post=5966"},{"taxonomy":"product_tag","embeddable":true,"href":"https:\/\/www.poltec.ch\/de\/wp-json\/wp\/v2\/product_tag?post=5966"}],"curies":[{"name":"wp","href":"https:\/\/api.w.org\/{rel}","templated":true}]}}